{"id":1339,"date":"2022-11-11T17:13:02","date_gmt":"2022-11-11T17:13:02","guid":{"rendered":"https:\/\/vinagremontesverdes.com.br\/site\/?page_id=1339"},"modified":"2024-11-25T18:59:04","modified_gmt":"2024-11-25T18:59:04","slug":"sobre-o-vinagre-montes-verdes","status":"publish","type":"page","link":"https:\/\/vinagremontesverdes.com.br\/site\/sobre-o-vinagre-montes-verdes\/","title":{"rendered":"Sobre o vinagre Montes Verdes"},"content":{"rendered":"\t\t<div data-elementor-type=\"wp-page\" data-elementor-id=\"1339\" class=\"elementor elementor-1339\" data-elementor-post-type=\"page\">\n\t\t\t\t<div class=\"elementor-element elementor-element-8e8d47b e-flex e-con-boxed e-con e-parent\" data-id=\"8e8d47b\" data-element_type=\"container\">\n\t\t\t\t\t<div class=\"e-con-inner\">\n\t\t\t\t<div class=\"elementor-element elementor-element-be26e72 elementor-widget elementor-widget-heading\" data-id=\"be26e72\" data-element_type=\"widget\" data-widget_type=\"heading.default\">\n\t\t\t\t<div class=\"elementor-widget-container\">\n\t\t\t<style>\/*! elementor - v3.23.0 - 15-07-2024 *\/\n.elementor-heading-title{padding:0;margin:0;line-height:1}.elementor-widget-heading .elementor-heading-title[class*=elementor-size-]>a{color:inherit;font-size:inherit;line-height:inherit}.elementor-widget-heading .elementor-heading-title.elementor-size-small{font-size:15px}.elementor-widget-heading .elementor-heading-title.elementor-size-medium{font-size:19px}.elementor-widget-heading .elementor-heading-title.elementor-size-large{font-size:29px}.elementor-widget-heading .elementor-heading-title.elementor-size-xl{font-size:39px}.elementor-widget-heading .elementor-heading-title.elementor-size-xxl{font-size:59px}<\/style><h2 class=\"elementor-heading-title elementor-size-default\">Sobre o vinagre Montes Verdes<\/h2>\t\t<\/div>\n\t\t\t\t<\/div>\n\t\t\t\t\t<\/div>\n\t\t\t\t<\/div>\n\t\t<div class=\"elementor-element elementor-element-9b9dfb0 e-flex e-con-boxed e-con e-parent\" data-id=\"9b9dfb0\" data-element_type=\"container\">\n\t\t\t\t\t<div class=\"e-con-inner\">\n\t\t\t\t<div class=\"elementor-element elementor-element-b14088c elementor-widget elementor-widget-text-editor\" data-id=\"b14088c\" data-element_type=\"widget\" data-widget_type=\"text-editor.default\">\n\t\t\t\t<div class=\"elementor-widget-container\">\n\t\t\t<style>\/*! elementor - v3.23.0 - 15-07-2024 *\/\n.elementor-widget-text-editor.elementor-drop-cap-view-stacked .elementor-drop-cap{background-color:#69727d;color:#fff}.elementor-widget-text-editor.elementor-drop-cap-view-framed .elementor-drop-cap{color:#69727d;border:3px solid;background-color:transparent}.elementor-widget-text-editor:not(.elementor-drop-cap-view-default) .elementor-drop-cap{margin-top:8px}.elementor-widget-text-editor:not(.elementor-drop-cap-view-default) .elementor-drop-cap-letter{width:1em;height:1em}.elementor-widget-text-editor .elementor-drop-cap{float:left;text-align:center;line-height:1;font-size:50px}.elementor-widget-text-editor .elementor-drop-cap-letter{display:inline-block}<\/style>\t\t\t\t<p><strong>Muito al\u00e9m do tempero! Entregamos qualidade de vida!<\/strong><\/p>\n<p><strong>Cont\u00e9m a m\u00e3e do vinagre!<\/strong><\/p>\n<p>MONTES VERDES \u00e9 um vinagre vivo de ma\u00e7\u00e3, 100% natural, cru, encorpado, nobre, de alta qualidade. Trata-se de um vinagre fabricado artesanalmente. Ele traz da ma\u00e7\u00e3 toda a sua rica gama de nutrientes e \u00e1cidos org\u00e2nicos fundamentais. Cont\u00e9m mais de 300 compostos essenciais conhecidos.<\/p>\n<p>\u00c9 obtido atrav\u00e9s do esmagamento da ma\u00e7\u00e3 in natura. O suco assim obtido sofre duas fermenta\u00e7\u00f5es naturais consecutivas que lhe permite manter suas extraordin\u00e1rias qualidades vitais para a sa\u00fade. Altamente aromatizado e perfumado atende os mais refinados paladares da boa cozinha.<\/p>\n<p>O verdadeiro vinagre vivo de ma\u00e7\u00e3 \u00e9 aquele que tem predominante sua cor dourada, \u00e9 saud\u00e1vel, possui dep\u00f3sitos ou residuos resultantes de fermenta\u00e7\u00e3o ac\u00e9tica natural de ma\u00e7\u00e3s frescas amadurecidas pela natureza, com acidez m\u00ednima de 5%. O vinagre de ma\u00e7\u00e3 cont\u00e9m Betacaroteno (combate os radicais livres e promove uma pele firme e jovem), Pectina (coadjuvante na redu\u00e7\u00e3o de colesterol mal\u00e9fico e na redu\u00e7\u00e3o da press\u00e3o sangu\u00ednea), Pot\u00e1ssio (ben\u00e9fico para eliminar toxinas do organismo, reduz queda de cabelos, fortifica unhas e dentes, ajuda com a sinusite e corrimento nasal), \u00c1cido M\u00e1lico (eficaz contra infec\u00e7\u00f5es f\u00fangicas e bacterianas, bem como coadjuvante na dissolu\u00e7\u00e3o de dep\u00f3sitos de cristais (\u00e1cido \u00farico) nas articula\u00e7\u00f5es, resultando no alivio das dores), Magn\u00e9sio, Cobre, Fl\u00faor, C\u00e1lcio, F\u00f3sforo, dentre outros. O consumo do vinagre vivo de ma\u00e7\u00e3 fortalece o sistema imunol\u00f3gico, previne c\u00e1lculos na bexiga e infec\u00e7\u00f5es do trato urin\u00e1rio, equilibra o Ph do organismo, trata o mau h\u00e1lito e ajuda a diminuir o peso, uma vez que contribui para a dissolu\u00e7\u00e3o de gorduras.<\/p>\n<p>M\u00c3E DO VINAGRE:<\/p>\n<p>O Vinagre Montes Verdes \u00e9 um Vinagre Vivo de Ma\u00e7\u00e3, com bact\u00e9rias vivas em estado de hiberna\u00e7\u00e3o. Quando em contato com o oxig\u00eanio, elas &#8220;acordam&#8221; e come\u00e7am a se multiplicar. Nesse processo come\u00e7a a se formar uma col\u00f4nia, que aparece na forma de uma teia e posteriormente uma nata, a qual chamamos de m\u00e3e do vinagre. S\u00e3o probi\u00f3ticos vivos, que d\u00e3o maior qualidade, efic\u00e1cia e potencializa\u00e7\u00e3o dos benef\u00edcios do vinagre de ma\u00e7\u00e3!<\/p>\n<p>POLIFEN\u00d3IS:<\/p>\n<p>S\u00e3o compostos org\u00e2nicos dissolvidos encontrados no vinagre, outros em suspens\u00e3o, dando um aspecto turvo ao vinagre. Com o passar do tempo come\u00e7am a se agrupar, formando pequenos cristais no fundo da garrafa. Quando agitado, voltam a se dissolver, tornando o l\u00edquido mais dourado e opaco.<\/p>\n<p><em>Fabricamos na vers\u00e3o Natural e Org\u00e2nica, ambos com mesma qualidade e benef\u00edcios \u00e0 sa\u00fade, a diferen\u00e7a \u00e9 que o org\u00e2nico \u00e9 feito com ma\u00e7\u00e3s org\u00e2nicas.<\/em><\/p>\n<p><strong>N\u00e3o \u00e9 pasteurizado ou microfiltrado. N\u00e3o sofre aquecimento. N\u00e3o tem corantes, conservantes, ess\u00eancias, a\u00e7\u00facar, gl\u00faten \u00e1lcool ou aditiva\u00e7\u00e3o. Nossa embalagem pet n\u00e3o cont\u00e9m bisfenol-A.<\/strong><\/p>\n<p>No mercado atual existe muita confus\u00e3o sobre o Pl\u00e1stico, mas na industria usamos seu nome Comercial ou Qu\u00edmico para diferenciar suas caracter\u00edsticas qu\u00edmica, mec\u00e2nica e suas aplica\u00e7\u00f5es.<\/p>\n<p>Polietileno tereftalato ou poli(tereftalato de etileno), conhecido mundialmente como Pet \u00e9 classificado como um pol\u00edmero poli\u00e9ster termopl\u00e1stico.<\/p>\n<p>O Pet \u00e9 produzido industrialmente por duas vias qu\u00edmicas:<\/p>\n<p>Esterifica\u00e7\u00e3o direta do acido tereft\u00e1lico purificado com monoetilenoglicol ou transesterifica\u00e7\u00e3o do dimetil tereftalato com monoetilenoglicol.<\/p>\n<p>Podemos afirmar que na composi\u00e7\u00e3o da mat\u00e9ria prima do Pet n\u00e3o temos o BPA (bisfenol) que \u00e9 encontrado em outro material, o policarbonato.<\/p>\t\t\t\t\t\t<\/div>\n\t\t\t\t<\/div>\n\t\t\t\t\t<\/div>\n\t\t\t\t<\/div>\n\t\t\t\t<\/div>\n\t\t","protected":false},"excerpt":{"rendered":"<p>Sobre o vinagre Montes Verdes Muito al\u00e9m do tempero! Entregamos qualidade de vida! Cont\u00e9m a m\u00e3e do vinagre! MONTES VERDES \u00e9 um vinagre vivo de ma\u00e7\u00e3, 100% natural, cru, encorpado, nobre, de alta qualidade. Trata-se de um vinagre fabricado artesanalmente. Ele traz da ma\u00e7\u00e3 toda a sua rica gama de nutrientes e \u00e1cidos org\u00e2nicos fundamentais. [&hellip;]<\/p>\n","protected":false},"author":2,"featured_media":2619,"parent":0,"menu_order":0,"comment_status":"closed","ping_status":"closed","template":"","meta":{"footnotes":""},"class_list":["post-1339","page","type-page","status-publish","has-post-thumbnail","hentry"],"yoast_head":"<!-- This site is optimized with the Yoast SEO plugin v23.0 - https:\/\/yoast.com\/wordpress\/plugins\/seo\/ -->\n<title>Sobre o vinagre Montes Verdes - Vinagre Montes Verdes<\/title>\n<meta name=\"robots\" content=\"index, follow, max-snippet:-1, max-image-preview:large, max-video-preview:-1\" \/>\n<link rel=\"canonical\" href=\"https:\/\/vinagremontesverdes.com.br\/site\/sobre-o-vinagre-montes-verdes\/\" \/>\n<meta property=\"og:locale\" content=\"pt_BR\" \/>\n<meta property=\"og:type\" content=\"article\" \/>\n<meta property=\"og:title\" content=\"Sobre o vinagre Montes Verdes - Vinagre Montes Verdes\" \/>\n<meta property=\"og:description\" content=\"Sobre o vinagre Montes Verdes Muito al\u00e9m do tempero! Entregamos qualidade de vida! Cont\u00e9m a m\u00e3e do vinagre! MONTES VERDES \u00e9 um vinagre vivo de ma\u00e7\u00e3, 100% natural, cru, encorpado, nobre, de alta qualidade. Trata-se de um vinagre fabricado artesanalmente. Ele traz da ma\u00e7\u00e3 toda a sua rica gama de nutrientes e \u00e1cidos org\u00e2nicos fundamentais. [&hellip;]\" \/>\n<meta property=\"og:url\" content=\"https:\/\/vinagremontesverdes.com.br\/site\/sobre-o-vinagre-montes-verdes\/\" \/>\n<meta property=\"og:site_name\" content=\"Vinagre Montes Verdes\" \/>\n<meta property=\"article:publisher\" content=\"https:\/\/www.facebook.com\/vinagremontesverdes\" \/>\n<meta property=\"article:modified_time\" content=\"2024-11-25T18:59:04+00:00\" \/>\n<meta property=\"og:image\" content=\"https:\/\/vinagremontesverdes.com.br\/site\/wp-content\/uploads\/2022\/11\/banner-contem-a-mae-do-vinagre.jpg\" \/>\n\t<meta property=\"og:image:width\" content=\"1950\" \/>\n\t<meta property=\"og:image:height\" content=\"650\" \/>\n\t<meta property=\"og:image:type\" content=\"image\/jpeg\" \/>\n<meta name=\"twitter:card\" content=\"summary_large_image\" \/>\n<meta name=\"twitter:label1\" content=\"Est. tempo de leitura\" \/>\n\t<meta name=\"twitter:data1\" content=\"3 minutos\" \/>\n<script type=\"application\/ld+json\" class=\"yoast-schema-graph\">{\"@context\":\"https:\/\/schema.org\",\"@graph\":[{\"@type\":\"WebPage\",\"@id\":\"https:\/\/vinagremontesverdes.com.br\/site\/sobre-o-vinagre-montes-verdes\/\",\"url\":\"https:\/\/vinagremontesverdes.com.br\/site\/sobre-o-vinagre-montes-verdes\/\",\"name\":\"Sobre o vinagre Montes Verdes - Vinagre Montes Verdes\",\"isPartOf\":{\"@id\":\"https:\/\/vinagremontesverdes.com.br\/site\/#website\"},\"primaryImageOfPage\":{\"@id\":\"https:\/\/vinagremontesverdes.com.br\/site\/sobre-o-vinagre-montes-verdes\/#primaryimage\"},\"image\":{\"@id\":\"https:\/\/vinagremontesverdes.com.br\/site\/sobre-o-vinagre-montes-verdes\/#primaryimage\"},\"thumbnailUrl\":\"https:\/\/vinagremontesverdes.com.br\/site\/wp-content\/uploads\/2022\/11\/banner-contem-a-mae-do-vinagre.jpg\",\"datePublished\":\"2022-11-11T17:13:02+00:00\",\"dateModified\":\"2024-11-25T18:59:04+00:00\",\"breadcrumb\":{\"@id\":\"https:\/\/vinagremontesverdes.com.br\/site\/sobre-o-vinagre-montes-verdes\/#breadcrumb\"},\"inLanguage\":\"pt-BR\",\"potentialAction\":[{\"@type\":\"ReadAction\",\"target\":[\"https:\/\/vinagremontesverdes.com.br\/site\/sobre-o-vinagre-montes-verdes\/\"]}]},{\"@type\":\"ImageObject\",\"inLanguage\":\"pt-BR\",\"@id\":\"https:\/\/vinagremontesverdes.com.br\/site\/sobre-o-vinagre-montes-verdes\/#primaryimage\",\"url\":\"https:\/\/vinagremontesverdes.com.br\/site\/wp-content\/uploads\/2022\/11\/banner-contem-a-mae-do-vinagre.jpg\",\"contentUrl\":\"https:\/\/vinagremontesverdes.com.br\/site\/wp-content\/uploads\/2022\/11\/banner-contem-a-mae-do-vinagre.jpg\",\"width\":1950,\"height\":650},{\"@type\":\"BreadcrumbList\",\"@id\":\"https:\/\/vinagremontesverdes.com.br\/site\/sobre-o-vinagre-montes-verdes\/#breadcrumb\",\"itemListElement\":[{\"@type\":\"ListItem\",\"position\":1,\"name\":\"In\u00edcio\",\"item\":\"https:\/\/vinagremontesverdes.com.br\/site\/\"},{\"@type\":\"ListItem\",\"position\":2,\"name\":\"Sobre o vinagre Montes Verdes\"}]},{\"@type\":\"WebSite\",\"@id\":\"https:\/\/vinagremontesverdes.com.br\/site\/#website\",\"url\":\"https:\/\/vinagremontesverdes.com.br\/site\/\",\"name\":\"Vinagre Montes Verdes\",\"description\":\"Vinagre vivo de ma\u00e7\u00e3 natural e org\u00e2nico\",\"publisher\":{\"@id\":\"https:\/\/vinagremontesverdes.com.br\/site\/#organization\"},\"potentialAction\":[{\"@type\":\"SearchAction\",\"target\":{\"@type\":\"EntryPoint\",\"urlTemplate\":\"https:\/\/vinagremontesverdes.com.br\/site\/?s={search_term_string}\"},\"query-input\":\"required name=search_term_string\"}],\"inLanguage\":\"pt-BR\"},{\"@type\":\"Organization\",\"@id\":\"https:\/\/vinagremontesverdes.com.br\/site\/#organization\",\"name\":\"Vinagre Montes Verdes\",\"url\":\"https:\/\/vinagremontesverdes.com.br\/site\/\",\"logo\":{\"@type\":\"ImageObject\",\"inLanguage\":\"pt-BR\",\"@id\":\"https:\/\/vinagremontesverdes.com.br\/site\/#\/schema\/logo\/image\/\",\"url\":\"https:\/\/vinagremontesverdes.com.br\/site\/wp-content\/uploads\/2023\/01\/cropped-icone-instagram.jpg\",\"contentUrl\":\"https:\/\/vinagremontesverdes.com.br\/site\/wp-content\/uploads\/2023\/01\/cropped-icone-instagram.jpg\",\"width\":512,\"height\":512,\"caption\":\"Vinagre Montes Verdes\"},\"image\":{\"@id\":\"https:\/\/vinagremontesverdes.com.br\/site\/#\/schema\/logo\/image\/\"},\"sameAs\":[\"https:\/\/www.facebook.com\/vinagremontesverdes\",\"https:\/\/www.instagram.com\/vinagremontesverdes\",\"https:\/\/www.youtube.com\/c\/VinagreMontesVerdes\",\"https:\/\/www.tiktok.com\/@vinagremontesverdes\",\"https:\/\/www.linkedin.com\/in\/vinagremontesverdes\"]}]}<\/script>\n<!-- \/ Yoast SEO plugin. -->","yoast_head_json":{"title":"Sobre o vinagre Montes Verdes - Vinagre Montes Verdes","robots":{"index":"index","follow":"follow","max-snippet":"max-snippet:-1","max-image-preview":"max-image-preview:large","max-video-preview":"max-video-preview:-1"},"canonical":"https:\/\/vinagremontesverdes.com.br\/site\/sobre-o-vinagre-montes-verdes\/","og_locale":"pt_BR","og_type":"article","og_title":"Sobre o vinagre Montes Verdes - Vinagre Montes Verdes","og_description":"Sobre o vinagre Montes Verdes Muito al\u00e9m do tempero! Entregamos qualidade de vida! Cont\u00e9m a m\u00e3e do vinagre! MONTES VERDES \u00e9 um vinagre vivo de ma\u00e7\u00e3, 100% natural, cru, encorpado, nobre, de alta qualidade. Trata-se de um vinagre fabricado artesanalmente. Ele traz da ma\u00e7\u00e3 toda a sua rica gama de nutrientes e \u00e1cidos org\u00e2nicos fundamentais. [&hellip;]","og_url":"https:\/\/vinagremontesverdes.com.br\/site\/sobre-o-vinagre-montes-verdes\/","og_site_name":"Vinagre Montes Verdes","article_publisher":"https:\/\/www.facebook.com\/vinagremontesverdes","article_modified_time":"2024-11-25T18:59:04+00:00","og_image":[{"width":1950,"height":650,"url":"https:\/\/vinagremontesverdes.com.br\/site\/wp-content\/uploads\/2022\/11\/banner-contem-a-mae-do-vinagre.jpg","type":"image\/jpeg"}],"twitter_card":"summary_large_image","twitter_misc":{"Est. tempo de leitura":"3 minutos"},"schema":{"@context":"https:\/\/schema.org","@graph":[{"@type":"WebPage","@id":"https:\/\/vinagremontesverdes.com.br\/site\/sobre-o-vinagre-montes-verdes\/","url":"https:\/\/vinagremontesverdes.com.br\/site\/sobre-o-vinagre-montes-verdes\/","name":"Sobre o vinagre Montes Verdes - Vinagre Montes Verdes","isPartOf":{"@id":"https:\/\/vinagremontesverdes.com.br\/site\/#website"},"primaryImageOfPage":{"@id":"https:\/\/vinagremontesverdes.com.br\/site\/sobre-o-vinagre-montes-verdes\/#primaryimage"},"image":{"@id":"https:\/\/vinagremontesverdes.com.br\/site\/sobre-o-vinagre-montes-verdes\/#primaryimage"},"thumbnailUrl":"https:\/\/vinagremontesverdes.com.br\/site\/wp-content\/uploads\/2022\/11\/banner-contem-a-mae-do-vinagre.jpg","datePublished":"2022-11-11T17:13:02+00:00","dateModified":"2024-11-25T18:59:04+00:00","breadcrumb":{"@id":"https:\/\/vinagremontesverdes.com.br\/site\/sobre-o-vinagre-montes-verdes\/#breadcrumb"},"inLanguage":"pt-BR","potentialAction":[{"@type":"ReadAction","target":["https:\/\/vinagremontesverdes.com.br\/site\/sobre-o-vinagre-montes-verdes\/"]}]},{"@type":"ImageObject","inLanguage":"pt-BR","@id":"https:\/\/vinagremontesverdes.com.br\/site\/sobre-o-vinagre-montes-verdes\/#primaryimage","url":"https:\/\/vinagremontesverdes.com.br\/site\/wp-content\/uploads\/2022\/11\/banner-contem-a-mae-do-vinagre.jpg","contentUrl":"https:\/\/vinagremontesverdes.com.br\/site\/wp-content\/uploads\/2022\/11\/banner-contem-a-mae-do-vinagre.jpg","width":1950,"height":650},{"@type":"BreadcrumbList","@id":"https:\/\/vinagremontesverdes.com.br\/site\/sobre-o-vinagre-montes-verdes\/#breadcrumb","itemListElement":[{"@type":"ListItem","position":1,"name":"In\u00edcio","item":"https:\/\/vinagremontesverdes.com.br\/site\/"},{"@type":"ListItem","position":2,"name":"Sobre o vinagre Montes Verdes"}]},{"@type":"WebSite","@id":"https:\/\/vinagremontesverdes.com.br\/site\/#website","url":"https:\/\/vinagremontesverdes.com.br\/site\/","name":"Vinagre Montes Verdes","description":"Vinagre vivo de ma\u00e7\u00e3 natural e org\u00e2nico","publisher":{"@id":"https:\/\/vinagremontesverdes.com.br\/site\/#organization"},"potentialAction":[{"@type":"SearchAction","target":{"@type":"EntryPoint","urlTemplate":"https:\/\/vinagremontesverdes.com.br\/site\/?s={search_term_string}"},"query-input":"required name=search_term_string"}],"inLanguage":"pt-BR"},{"@type":"Organization","@id":"https:\/\/vinagremontesverdes.com.br\/site\/#organization","name":"Vinagre Montes Verdes","url":"https:\/\/vinagremontesverdes.com.br\/site\/","logo":{"@type":"ImageObject","inLanguage":"pt-BR","@id":"https:\/\/vinagremontesverdes.com.br\/site\/#\/schema\/logo\/image\/","url":"https:\/\/vinagremontesverdes.com.br\/site\/wp-content\/uploads\/2023\/01\/cropped-icone-instagram.jpg","contentUrl":"https:\/\/vinagremontesverdes.com.br\/site\/wp-content\/uploads\/2023\/01\/cropped-icone-instagram.jpg","width":512,"height":512,"caption":"Vinagre Montes Verdes"},"image":{"@id":"https:\/\/vinagremontesverdes.com.br\/site\/#\/schema\/logo\/image\/"},"sameAs":["https:\/\/www.facebook.com\/vinagremontesverdes","https:\/\/www.instagram.com\/vinagremontesverdes","https:\/\/www.youtube.com\/c\/VinagreMontesVerdes","https:\/\/www.tiktok.com\/@vinagremontesverdes","https:\/\/www.linkedin.com\/in\/vinagremontesverdes"]}]}},"_links":{"self":[{"href":"https:\/\/vinagremontesverdes.com.br\/site\/wp-json\/wp\/v2\/pages\/1339","targetHints":{"allow":["GET"]}}],"collection":[{"href":"https:\/\/vinagremontesverdes.com.br\/site\/wp-json\/wp\/v2\/pages"}],"about":[{"href":"https:\/\/vinagremontesverdes.com.br\/site\/wp-json\/wp\/v2\/types\/page"}],"author":[{"embeddable":true,"href":"https:\/\/vinagremontesverdes.com.br\/site\/wp-json\/wp\/v2\/users\/2"}],"replies":[{"embeddable":true,"href":"https:\/\/vinagremontesverdes.com.br\/site\/wp-json\/wp\/v2\/comments?post=1339"}],"version-history":[{"count":41,"href":"https:\/\/vinagremontesverdes.com.br\/site\/wp-json\/wp\/v2\/pages\/1339\/revisions"}],"predecessor-version":[{"id":3492,"href":"https:\/\/vinagremontesverdes.com.br\/site\/wp-json\/wp\/v2\/pages\/1339\/revisions\/3492"}],"wp:featuredmedia":[{"embeddable":true,"href":"https:\/\/vinagremontesverdes.com.br\/site\/wp-json\/wp\/v2\/media\/2619"}],"wp:attachment":[{"href":"https:\/\/vinagremontesverdes.com.br\/site\/wp-json\/wp\/v2\/media?parent=1339"}],"curies":[{"name":"wp","href":"https:\/\/api.w.org\/{rel}","templated":true}]}}