{"id":1579,"date":"2022-11-23T15:08:16","date_gmt":"2022-11-23T15:08:16","guid":{"rendered":"https:\/\/vinagremontesverdes.com.br\/site\/?page_id=1579"},"modified":"2024-11-25T19:00:32","modified_gmt":"2024-11-25T19:00:32","slug":"sobre-a-empresa","status":"publish","type":"page","link":"https:\/\/vinagremontesverdes.com.br\/site\/sobre-a-empresa\/","title":{"rendered":"Sobre a empresa"},"content":{"rendered":"\t\t<div data-elementor-type=\"wp-page\" data-elementor-id=\"1579\" class=\"elementor elementor-1579\" data-elementor-post-type=\"page\">\n\t\t\t\t<div class=\"elementor-element elementor-element-2e02efb e-flex e-con-boxed e-con e-parent\" data-id=\"2e02efb\" data-element_type=\"container\">\n\t\t\t\t\t<div class=\"e-con-inner\">\n\t\t<div class=\"elementor-element elementor-element-fb8b30a e-con-full e-flex e-con e-child\" data-id=\"fb8b30a\" data-element_type=\"container\">\n\t\t\t\t<div class=\"elementor-element elementor-element-29634c3 elementor-widget elementor-widget-image\" data-id=\"29634c3\" data-element_type=\"widget\" data-widget_type=\"image.default\">\n\t\t\t\t<div class=\"elementor-widget-container\">\n\t\t\t<style>\/*! elementor - v3.23.0 - 15-07-2024 *\/\n.elementor-widget-image{text-align:center}.elementor-widget-image a{display:inline-block}.elementor-widget-image a img[src$=\".svg\"]{width:48px}.elementor-widget-image img{vertical-align:middle;display:inline-block}<\/style>\t\t\t\t\t\t\t\t\t\t<img fetchpriority=\"high\" decoding=\"async\" width=\"512\" height=\"512\" src=\"https:\/\/vinagremontesverdes.com.br\/site\/wp-content\/uploads\/2023\/01\/cropped-icone-instagram.jpg\" class=\"attachment-large size-large wp-image-1997\" alt=\"\" srcset=\"https:\/\/vinagremontesverdes.com.br\/site\/wp-content\/uploads\/2023\/01\/cropped-icone-instagram.jpg 512w, https:\/\/vinagremontesverdes.com.br\/site\/wp-content\/uploads\/2023\/01\/cropped-icone-instagram-300x300.jpg 300w, https:\/\/vinagremontesverdes.com.br\/site\/wp-content\/uploads\/2023\/01\/cropped-icone-instagram-150x150.jpg 150w, https:\/\/vinagremontesverdes.com.br\/site\/wp-content\/uploads\/2023\/01\/cropped-icone-instagram-400x400.jpg 400w, https:\/\/vinagremontesverdes.com.br\/site\/wp-content\/uploads\/2023\/01\/cropped-icone-instagram-100x100.jpg 100w, https:\/\/vinagremontesverdes.com.br\/site\/wp-content\/uploads\/2023\/01\/cropped-icone-instagram-270x270.jpg 270w, https:\/\/vinagremontesverdes.com.br\/site\/wp-content\/uploads\/2023\/01\/cropped-icone-instagram-192x192.jpg 192w, https:\/\/vinagremontesverdes.com.br\/site\/wp-content\/uploads\/2023\/01\/cropped-icone-instagram-180x180.jpg 180w, https:\/\/vinagremontesverdes.com.br\/site\/wp-content\/uploads\/2023\/01\/cropped-icone-instagram-32x32.jpg 32w\" sizes=\"(max-width: 512px) 100vw, 512px\" \/>\t\t\t\t\t\t\t\t\t\t\t\t\t<\/div>\n\t\t\t\t<\/div>\n\t\t\t\t<\/div>\n\t\t<div class=\"elementor-element elementor-element-f65eb04 e-con-full e-flex e-con e-child\" data-id=\"f65eb04\" data-element_type=\"container\">\n\t\t<div class=\"elementor-element elementor-element-d3005db e-flex e-con-boxed e-con e-child\" data-id=\"d3005db\" data-element_type=\"container\">\n\t\t\t\t\t<div class=\"e-con-inner\">\n\t\t\t\t<div class=\"elementor-element elementor-element-1876b4d elementor-widget elementor-widget-heading\" data-id=\"1876b4d\" data-element_type=\"widget\" data-widget_type=\"heading.default\">\n\t\t\t\t<div class=\"elementor-widget-container\">\n\t\t\t<style>\/*! elementor - v3.23.0 - 15-07-2024 *\/\n.elementor-heading-title{padding:0;margin:0;line-height:1}.elementor-widget-heading .elementor-heading-title[class*=elementor-size-]>a{color:inherit;font-size:inherit;line-height:inherit}.elementor-widget-heading .elementor-heading-title.elementor-size-small{font-size:15px}.elementor-widget-heading .elementor-heading-title.elementor-size-medium{font-size:19px}.elementor-widget-heading .elementor-heading-title.elementor-size-large{font-size:29px}.elementor-widget-heading .elementor-heading-title.elementor-size-xl{font-size:39px}.elementor-widget-heading .elementor-heading-title.elementor-size-xxl{font-size:59px}<\/style><h2 class=\"elementor-heading-title elementor-size-default\">Sobre a empresa<\/h2>\t\t<\/div>\n\t\t\t\t<\/div>\n\t\t\t\t\t<\/div>\n\t\t\t\t<\/div>\n\t\t<div class=\"elementor-element elementor-element-6920729 e-flex e-con-boxed e-con e-child\" data-id=\"6920729\" data-element_type=\"container\">\n\t\t\t\t\t<div class=\"e-con-inner\">\n\t\t\t\t<div class=\"elementor-element elementor-element-6119b2f elementor-widget elementor-widget-text-editor\" data-id=\"6119b2f\" data-element_type=\"widget\" data-widget_type=\"text-editor.default\">\n\t\t\t\t<div class=\"elementor-widget-container\">\n\t\t\t<style>\/*! elementor - v3.23.0 - 15-07-2024 *\/\n.elementor-widget-text-editor.elementor-drop-cap-view-stacked .elementor-drop-cap{background-color:#69727d;color:#fff}.elementor-widget-text-editor.elementor-drop-cap-view-framed .elementor-drop-cap{color:#69727d;border:3px solid;background-color:transparent}.elementor-widget-text-editor:not(.elementor-drop-cap-view-default) .elementor-drop-cap{margin-top:8px}.elementor-widget-text-editor:not(.elementor-drop-cap-view-default) .elementor-drop-cap-letter{width:1em;height:1em}.elementor-widget-text-editor .elementor-drop-cap{float:left;text-align:center;line-height:1;font-size:50px}.elementor-widget-text-editor .elementor-drop-cap-letter{display:inline-block}<\/style>\t\t\t\t<p>Montes Verdes \u00e9 uma empresa sustent\u00e1vel praticando o reuso de \u00e1gua, o ciclo reverso, respeitando o meio ambiente. Fabricamos o Vinagre Vivo de Ma\u00e7\u00e3, cont\u00e9m a m\u00e3e do vinagre e \u00e9 produzido para beber.<\/p>\n<p>100% natural, \u00e9 fabricado artesanalmente a partir da ma\u00e7\u00e3 in natura, n\u00e3o \u00e9 micro filtrado, esterilizado ou pasteurizado. N\u00e3o cont\u00e9m ess\u00eancias, corantes ou qualquer aditiva\u00e7\u00e3o qu\u00edmica e em seu processo h\u00e1 um perfeito equil\u00edbrio de subst\u00e2ncias que lhe permite manter um elevado padr\u00e3o de energia vital irradiante.<\/p>\n<p>Trata-se de um vinagre vivo de alta qualidade, encorpado, nobre e perfumado. Rico em subst\u00e2ncias nutritivas essenciais para a sa\u00fade e para os mais refinados paladares da boa cozinha, o vinagre de ma\u00e7\u00e3 Montes Verdes se mant\u00e9m fiel \u00e0 tradi\u00e7\u00e3o dos velhos vinagres vermonteses e europeus.<\/p>\n<p><strong>Nossa miss\u00e3o<\/strong><\/p>\n<p>Fabricar Vinagre Vivo de Ma\u00e7\u00e3 de alta qualidade, oferecer atendimento diferenciado, respeitar o cliente e proporcionar as pessoas mais sa\u00fade e satisfa\u00e7\u00e3o em viver a vida.<\/p>\n<p><strong>Onde estamos<\/strong><\/p>\n<p>Para ter um vinagre nobre, precisamos de \u00e1gua de excelente qualidade, e assim foi escolhida a buc\u00f3lica est\u00e2ncia hidromineral de S\u00e3o Pedro &#8211; SP, local em meio a montanhas e com uma das melhores \u00e1guas do mundo.<\/p>\n<p>Desde 2012, ano da funda\u00e7\u00e3o, mantemos a mesma qualidade do produto, fato que nos proporciona credibilidade e traz a confian\u00e7a de nossos clientes e parceiros. O vinagre Montes Verdes \u00e9 um alimento funcional e um dos melhores vinagres do mundo.<\/p>\t\t\t\t\t\t<\/div>\n\t\t\t\t<\/div>\n\t\t\t\t\t<\/div>\n\t\t\t\t<\/div>\n\t\t\t\t<\/div>\n\t\t\t\t\t<\/div>\n\t\t\t\t<\/div>\n\t\t\t\t<\/div>\n\t\t","protected":false},"excerpt":{"rendered":"<p>Sobre a empresa Montes Verdes \u00e9 uma empresa sustent\u00e1vel praticando o reuso de \u00e1gua, o ciclo reverso, respeitando o meio ambiente. Fabricamos o Vinagre Vivo de Ma\u00e7\u00e3, cont\u00e9m a m\u00e3e do vinagre e \u00e9 produzido para beber. 100% natural, \u00e9 fabricado artesanalmente a partir da ma\u00e7\u00e3 in natura, n\u00e3o \u00e9 micro filtrado, esterilizado ou pasteurizado. [&hellip;]<\/p>\n","protected":false},"author":2,"featured_media":2619,"parent":0,"menu_order":0,"comment_status":"closed","ping_status":"closed","template":"","meta":{"footnotes":""},"class_list":["post-1579","page","type-page","status-publish","has-post-thumbnail","hentry"],"yoast_head":"<!-- This site is optimized with the Yoast SEO plugin v23.0 - https:\/\/yoast.com\/wordpress\/plugins\/seo\/ -->\n<title>Sobre a empresa - Vinagre Montes Verdes<\/title>\n<meta name=\"robots\" content=\"index, follow, max-snippet:-1, max-image-preview:large, max-video-preview:-1\" \/>\n<link rel=\"canonical\" href=\"https:\/\/vinagremontesverdes.com.br\/site\/sobre-a-empresa\/\" \/>\n<meta property=\"og:locale\" content=\"pt_BR\" \/>\n<meta property=\"og:type\" content=\"article\" \/>\n<meta property=\"og:title\" content=\"Sobre a empresa - Vinagre Montes Verdes\" \/>\n<meta property=\"og:description\" content=\"Sobre a empresa Montes Verdes \u00e9 uma empresa sustent\u00e1vel praticando o reuso de \u00e1gua, o ciclo reverso, respeitando o meio ambiente. Fabricamos o Vinagre Vivo de Ma\u00e7\u00e3, cont\u00e9m a m\u00e3e do vinagre e \u00e9 produzido para beber. 100% natural, \u00e9 fabricado artesanalmente a partir da ma\u00e7\u00e3 in natura, n\u00e3o \u00e9 micro filtrado, esterilizado ou pasteurizado. [&hellip;]\" \/>\n<meta property=\"og:url\" content=\"https:\/\/vinagremontesverdes.com.br\/site\/sobre-a-empresa\/\" \/>\n<meta property=\"og:site_name\" content=\"Vinagre Montes Verdes\" \/>\n<meta property=\"article:publisher\" content=\"https:\/\/www.facebook.com\/vinagremontesverdes\" \/>\n<meta property=\"article:modified_time\" content=\"2024-11-25T19:00:32+00:00\" \/>\n<meta property=\"og:image\" content=\"https:\/\/vinagremontesverdes.com.br\/site\/wp-content\/uploads\/2022\/11\/banner-contem-a-mae-do-vinagre.jpg\" \/>\n\t<meta property=\"og:image:width\" content=\"1950\" \/>\n\t<meta property=\"og:image:height\" content=\"650\" \/>\n\t<meta property=\"og:image:type\" content=\"image\/jpeg\" \/>\n<meta name=\"twitter:card\" content=\"summary_large_image\" \/>\n<meta name=\"twitter:label1\" content=\"Est. tempo de leitura\" \/>\n\t<meta name=\"twitter:data1\" content=\"2 minutos\" \/>\n<script type=\"application\/ld+json\" class=\"yoast-schema-graph\">{\"@context\":\"https:\/\/schema.org\",\"@graph\":[{\"@type\":\"WebPage\",\"@id\":\"https:\/\/vinagremontesverdes.com.br\/site\/sobre-a-empresa\/\",\"url\":\"https:\/\/vinagremontesverdes.com.br\/site\/sobre-a-empresa\/\",\"name\":\"Sobre a empresa - Vinagre Montes Verdes\",\"isPartOf\":{\"@id\":\"https:\/\/vinagremontesverdes.com.br\/site\/#website\"},\"primaryImageOfPage\":{\"@id\":\"https:\/\/vinagremontesverdes.com.br\/site\/sobre-a-empresa\/#primaryimage\"},\"image\":{\"@id\":\"https:\/\/vinagremontesverdes.com.br\/site\/sobre-a-empresa\/#primaryimage\"},\"thumbnailUrl\":\"https:\/\/vinagremontesverdes.com.br\/site\/wp-content\/uploads\/2022\/11\/banner-contem-a-mae-do-vinagre.jpg\",\"datePublished\":\"2022-11-23T15:08:16+00:00\",\"dateModified\":\"2024-11-25T19:00:32+00:00\",\"breadcrumb\":{\"@id\":\"https:\/\/vinagremontesverdes.com.br\/site\/sobre-a-empresa\/#breadcrumb\"},\"inLanguage\":\"pt-BR\",\"potentialAction\":[{\"@type\":\"ReadAction\",\"target\":[\"https:\/\/vinagremontesverdes.com.br\/site\/sobre-a-empresa\/\"]}]},{\"@type\":\"ImageObject\",\"inLanguage\":\"pt-BR\",\"@id\":\"https:\/\/vinagremontesverdes.com.br\/site\/sobre-a-empresa\/#primaryimage\",\"url\":\"https:\/\/vinagremontesverdes.com.br\/site\/wp-content\/uploads\/2022\/11\/banner-contem-a-mae-do-vinagre.jpg\",\"contentUrl\":\"https:\/\/vinagremontesverdes.com.br\/site\/wp-content\/uploads\/2022\/11\/banner-contem-a-mae-do-vinagre.jpg\",\"width\":1950,\"height\":650},{\"@type\":\"BreadcrumbList\",\"@id\":\"https:\/\/vinagremontesverdes.com.br\/site\/sobre-a-empresa\/#breadcrumb\",\"itemListElement\":[{\"@type\":\"ListItem\",\"position\":1,\"name\":\"In\u00edcio\",\"item\":\"https:\/\/vinagremontesverdes.com.br\/site\/\"},{\"@type\":\"ListItem\",\"position\":2,\"name\":\"Sobre a empresa\"}]},{\"@type\":\"WebSite\",\"@id\":\"https:\/\/vinagremontesverdes.com.br\/site\/#website\",\"url\":\"https:\/\/vinagremontesverdes.com.br\/site\/\",\"name\":\"Vinagre Montes Verdes\",\"description\":\"Vinagre vivo de ma\u00e7\u00e3 natural e org\u00e2nico\",\"publisher\":{\"@id\":\"https:\/\/vinagremontesverdes.com.br\/site\/#organization\"},\"potentialAction\":[{\"@type\":\"SearchAction\",\"target\":{\"@type\":\"EntryPoint\",\"urlTemplate\":\"https:\/\/vinagremontesverdes.com.br\/site\/?s={search_term_string}\"},\"query-input\":\"required name=search_term_string\"}],\"inLanguage\":\"pt-BR\"},{\"@type\":\"Organization\",\"@id\":\"https:\/\/vinagremontesverdes.com.br\/site\/#organization\",\"name\":\"Vinagre Montes Verdes\",\"url\":\"https:\/\/vinagremontesverdes.com.br\/site\/\",\"logo\":{\"@type\":\"ImageObject\",\"inLanguage\":\"pt-BR\",\"@id\":\"https:\/\/vinagremontesverdes.com.br\/site\/#\/schema\/logo\/image\/\",\"url\":\"https:\/\/vinagremontesverdes.com.br\/site\/wp-content\/uploads\/2023\/01\/cropped-icone-instagram.jpg\",\"contentUrl\":\"https:\/\/vinagremontesverdes.com.br\/site\/wp-content\/uploads\/2023\/01\/cropped-icone-instagram.jpg\",\"width\":512,\"height\":512,\"caption\":\"Vinagre Montes Verdes\"},\"image\":{\"@id\":\"https:\/\/vinagremontesverdes.com.br\/site\/#\/schema\/logo\/image\/\"},\"sameAs\":[\"https:\/\/www.facebook.com\/vinagremontesverdes\",\"https:\/\/www.instagram.com\/vinagremontesverdes\",\"https:\/\/www.youtube.com\/c\/VinagreMontesVerdes\",\"https:\/\/www.tiktok.com\/@vinagremontesverdes\",\"https:\/\/www.linkedin.com\/in\/vinagremontesverdes\"]}]}<\/script>\n<!-- \/ Yoast SEO plugin. -->","yoast_head_json":{"title":"Sobre a empresa - Vinagre Montes Verdes","robots":{"index":"index","follow":"follow","max-snippet":"max-snippet:-1","max-image-preview":"max-image-preview:large","max-video-preview":"max-video-preview:-1"},"canonical":"https:\/\/vinagremontesverdes.com.br\/site\/sobre-a-empresa\/","og_locale":"pt_BR","og_type":"article","og_title":"Sobre a empresa - Vinagre Montes Verdes","og_description":"Sobre a empresa Montes Verdes \u00e9 uma empresa sustent\u00e1vel praticando o reuso de \u00e1gua, o ciclo reverso, respeitando o meio ambiente. Fabricamos o Vinagre Vivo de Ma\u00e7\u00e3, cont\u00e9m a m\u00e3e do vinagre e \u00e9 produzido para beber. 100% natural, \u00e9 fabricado artesanalmente a partir da ma\u00e7\u00e3 in natura, n\u00e3o \u00e9 micro filtrado, esterilizado ou pasteurizado. [&hellip;]","og_url":"https:\/\/vinagremontesverdes.com.br\/site\/sobre-a-empresa\/","og_site_name":"Vinagre Montes Verdes","article_publisher":"https:\/\/www.facebook.com\/vinagremontesverdes","article_modified_time":"2024-11-25T19:00:32+00:00","og_image":[{"width":1950,"height":650,"url":"https:\/\/vinagremontesverdes.com.br\/site\/wp-content\/uploads\/2022\/11\/banner-contem-a-mae-do-vinagre.jpg","type":"image\/jpeg"}],"twitter_card":"summary_large_image","twitter_misc":{"Est. tempo de leitura":"2 minutos"},"schema":{"@context":"https:\/\/schema.org","@graph":[{"@type":"WebPage","@id":"https:\/\/vinagremontesverdes.com.br\/site\/sobre-a-empresa\/","url":"https:\/\/vinagremontesverdes.com.br\/site\/sobre-a-empresa\/","name":"Sobre a empresa - Vinagre Montes Verdes","isPartOf":{"@id":"https:\/\/vinagremontesverdes.com.br\/site\/#website"},"primaryImageOfPage":{"@id":"https:\/\/vinagremontesverdes.com.br\/site\/sobre-a-empresa\/#primaryimage"},"image":{"@id":"https:\/\/vinagremontesverdes.com.br\/site\/sobre-a-empresa\/#primaryimage"},"thumbnailUrl":"https:\/\/vinagremontesverdes.com.br\/site\/wp-content\/uploads\/2022\/11\/banner-contem-a-mae-do-vinagre.jpg","datePublished":"2022-11-23T15:08:16+00:00","dateModified":"2024-11-25T19:00:32+00:00","breadcrumb":{"@id":"https:\/\/vinagremontesverdes.com.br\/site\/sobre-a-empresa\/#breadcrumb"},"inLanguage":"pt-BR","potentialAction":[{"@type":"ReadAction","target":["https:\/\/vinagremontesverdes.com.br\/site\/sobre-a-empresa\/"]}]},{"@type":"ImageObject","inLanguage":"pt-BR","@id":"https:\/\/vinagremontesverdes.com.br\/site\/sobre-a-empresa\/#primaryimage","url":"https:\/\/vinagremontesverdes.com.br\/site\/wp-content\/uploads\/2022\/11\/banner-contem-a-mae-do-vinagre.jpg","contentUrl":"https:\/\/vinagremontesverdes.com.br\/site\/wp-content\/uploads\/2022\/11\/banner-contem-a-mae-do-vinagre.jpg","width":1950,"height":650},{"@type":"BreadcrumbList","@id":"https:\/\/vinagremontesverdes.com.br\/site\/sobre-a-empresa\/#breadcrumb","itemListElement":[{"@type":"ListItem","position":1,"name":"In\u00edcio","item":"https:\/\/vinagremontesverdes.com.br\/site\/"},{"@type":"ListItem","position":2,"name":"Sobre a empresa"}]},{"@type":"WebSite","@id":"https:\/\/vinagremontesverdes.com.br\/site\/#website","url":"https:\/\/vinagremontesverdes.com.br\/site\/","name":"Vinagre Montes Verdes","description":"Vinagre vivo de ma\u00e7\u00e3 natural e org\u00e2nico","publisher":{"@id":"https:\/\/vinagremontesverdes.com.br\/site\/#organization"},"potentialAction":[{"@type":"SearchAction","target":{"@type":"EntryPoint","urlTemplate":"https:\/\/vinagremontesverdes.com.br\/site\/?s={search_term_string}"},"query-input":"required name=search_term_string"}],"inLanguage":"pt-BR"},{"@type":"Organization","@id":"https:\/\/vinagremontesverdes.com.br\/site\/#organization","name":"Vinagre Montes Verdes","url":"https:\/\/vinagremontesverdes.com.br\/site\/","logo":{"@type":"ImageObject","inLanguage":"pt-BR","@id":"https:\/\/vinagremontesverdes.com.br\/site\/#\/schema\/logo\/image\/","url":"https:\/\/vinagremontesverdes.com.br\/site\/wp-content\/uploads\/2023\/01\/cropped-icone-instagram.jpg","contentUrl":"https:\/\/vinagremontesverdes.com.br\/site\/wp-content\/uploads\/2023\/01\/cropped-icone-instagram.jpg","width":512,"height":512,"caption":"Vinagre Montes Verdes"},"image":{"@id":"https:\/\/vinagremontesverdes.com.br\/site\/#\/schema\/logo\/image\/"},"sameAs":["https:\/\/www.facebook.com\/vinagremontesverdes","https:\/\/www.instagram.com\/vinagremontesverdes","https:\/\/www.youtube.com\/c\/VinagreMontesVerdes","https:\/\/www.tiktok.com\/@vinagremontesverdes","https:\/\/www.linkedin.com\/in\/vinagremontesverdes"]}]}},"_links":{"self":[{"href":"https:\/\/vinagremontesverdes.com.br\/site\/wp-json\/wp\/v2\/pages\/1579","targetHints":{"allow":["GET"]}}],"collection":[{"href":"https:\/\/vinagremontesverdes.com.br\/site\/wp-json\/wp\/v2\/pages"}],"about":[{"href":"https:\/\/vinagremontesverdes.com.br\/site\/wp-json\/wp\/v2\/types\/page"}],"author":[{"embeddable":true,"href":"https:\/\/vinagremontesverdes.com.br\/site\/wp-json\/wp\/v2\/users\/2"}],"replies":[{"embeddable":true,"href":"https:\/\/vinagremontesverdes.com.br\/site\/wp-json\/wp\/v2\/comments?post=1579"}],"version-history":[{"count":41,"href":"https:\/\/vinagremontesverdes.com.br\/site\/wp-json\/wp\/v2\/pages\/1579\/revisions"}],"predecessor-version":[{"id":3495,"href":"https:\/\/vinagremontesverdes.com.br\/site\/wp-json\/wp\/v2\/pages\/1579\/revisions\/3495"}],"wp:featuredmedia":[{"embeddable":true,"href":"https:\/\/vinagremontesverdes.com.br\/site\/wp-json\/wp\/v2\/media\/2619"}],"wp:attachment":[{"href":"https:\/\/vinagremontesverdes.com.br\/site\/wp-json\/wp\/v2\/media?parent=1579"}],"curies":[{"name":"wp","href":"https:\/\/api.w.org\/{rel}","templated":true}]}}