{"id":1616,"date":"2022-11-23T16:24:30","date_gmt":"2022-11-23T16:24:30","guid":{"rendered":"https:\/\/vinagremontesverdes.com.br\/site\/?page_id=1616"},"modified":"2023-11-20T13:46:54","modified_gmt":"2023-11-20T13:46:54","slug":"noticias","status":"publish","type":"page","link":"https:\/\/vinagremontesverdes.com.br\/site\/noticias\/","title":{"rendered":"Not\u00edcias"},"content":{"rendered":"\t\t<div data-elementor-type=\"wp-page\" data-elementor-id=\"1616\" class=\"elementor elementor-1616\" data-elementor-post-type=\"page\">\n\t\t\t\t<div class=\"elementor-element elementor-element-7406d00 e-flex e-con-boxed e-con e-parent\" data-id=\"7406d00\" data-element_type=\"container\">\n\t\t\t\t\t<div class=\"e-con-inner\">\n\t\t\t\t<div class=\"elementor-element elementor-element-2507124 elementor-widget__width-initial elementor-widget elementor-widget-video\" data-id=\"2507124\" data-element_type=\"widget\" data-settings=\"{&quot;youtube_url&quot;:&quot;https:\\\/\\\/www.youtube.com\\\/watch?v=ZbK49gdIyhg&quot;,&quot;video_type&quot;:&quot;youtube&quot;,&quot;controls&quot;:&quot;yes&quot;}\" data-widget_type=\"video.default\">\n\t\t\t\t<div class=\"elementor-widget-container\">\n\t\t\t<style>\/*! elementor - v3.23.0 - 15-07-2024 *\/\n.elementor-widget-video .elementor-widget-container{overflow:hidden;transform:translateZ(0)}.elementor-widget-video .elementor-wrapper{aspect-ratio:var(--video-aspect-ratio)}.elementor-widget-video .elementor-wrapper iframe,.elementor-widget-video .elementor-wrapper video{height:100%;width:100%;display:flex;border:none;background-color:#000}@supports not (aspect-ratio:1\/1){.elementor-widget-video .elementor-wrapper{position:relative;overflow:hidden;height:0;padding-bottom:calc(100% \/ var(--video-aspect-ratio))}.elementor-widget-video .elementor-wrapper iframe,.elementor-widget-video .elementor-wrapper video{position:absolute;top:0;right:0;bottom:0;left:0}}.elementor-widget-video .elementor-open-inline .elementor-custom-embed-image-overlay{position:absolute;top:0;right:0;bottom:0;left:0;background-size:cover;background-position:50%}.elementor-widget-video .elementor-custom-embed-image-overlay{cursor:pointer;text-align:center}.elementor-widget-video .elementor-custom-embed-image-overlay:hover .elementor-custom-embed-play i{opacity:1}.elementor-widget-video .elementor-custom-embed-image-overlay img{display:block;width:100%;aspect-ratio:var(--video-aspect-ratio);-o-object-fit:cover;object-fit:cover;-o-object-position:center center;object-position:center center}@supports not (aspect-ratio:1\/1){.elementor-widget-video .elementor-custom-embed-image-overlay{position:relative;overflow:hidden;height:0;padding-bottom:calc(100% \/ var(--video-aspect-ratio))}.elementor-widget-video .elementor-custom-embed-image-overlay img{position:absolute;top:0;right:0;bottom:0;left:0}}.elementor-widget-video .e-hosted-video .elementor-video{-o-object-fit:cover;object-fit:cover}.e-con-inner>.elementor-widget-video,.e-con>.elementor-widget-video{width:var(--container-widget-width);--flex-grow:var(--container-widget-flex-grow)}<\/style>\t\t<div class=\"elementor-wrapper elementor-open-inline\">\n\t\t\t<div class=\"elementor-video\"><\/div>\t\t<\/div>\n\t\t\t\t<\/div>\n\t\t\t\t<\/div>\n\t\t\t\t\t<\/div>\n\t\t\t\t<\/div>\n\t\t<div class=\"elementor-element elementor-element-4ce4361 e-flex e-con-boxed e-con e-parent\" data-id=\"4ce4361\" data-element_type=\"container\">\n\t\t\t\t\t<div class=\"e-con-inner\">\n\t\t\t\t<div class=\"elementor-element elementor-element-d3013b7 elementor-widget elementor-widget-heading\" data-id=\"d3013b7\" data-element_type=\"widget\" data-widget_type=\"heading.default\">\n\t\t\t\t<div class=\"elementor-widget-container\">\n\t\t\t<style>\/*! elementor - v3.23.0 - 15-07-2024 *\/\n.elementor-heading-title{padding:0;margin:0;line-height:1}.elementor-widget-heading .elementor-heading-title[class*=elementor-size-]>a{color:inherit;font-size:inherit;line-height:inherit}.elementor-widget-heading .elementor-heading-title.elementor-size-small{font-size:15px}.elementor-widget-heading .elementor-heading-title.elementor-size-medium{font-size:19px}.elementor-widget-heading .elementor-heading-title.elementor-size-large{font-size:29px}.elementor-widget-heading .elementor-heading-title.elementor-size-xl{font-size:39px}.elementor-widget-heading .elementor-heading-title.elementor-size-xxl{font-size:59px}<\/style><h2 class=\"elementor-heading-title elementor-size-default\">Veja mais nas nossas redes sociais:<\/h2>\t\t<\/div>\n\t\t\t\t<\/div>\n\t\t\t\t\t<\/div>\n\t\t\t\t<\/div>\n\t\t<div class=\"elementor-element elementor-element-5c6d4ea e-flex e-con-boxed e-con e-parent\" data-id=\"5c6d4ea\" data-element_type=\"container\">\n\t\t\t\t\t<div class=\"e-con-inner\">\n\t\t\t\t<div class=\"elementor-element elementor-element-cdb6213 elementor-shape-rounded elementor-grid-0 e-grid-align-center elementor-widget elementor-widget-social-icons\" data-id=\"cdb6213\" data-element_type=\"widget\" data-widget_type=\"social-icons.default\">\n\t\t\t\t<div class=\"elementor-widget-container\">\n\t\t\t<style>\/*! elementor - v3.23.0 - 15-07-2024 *\/\n.elementor-widget-social-icons.elementor-grid-0 .elementor-widget-container,.elementor-widget-social-icons.elementor-grid-mobile-0 .elementor-widget-container,.elementor-widget-social-icons.elementor-grid-tablet-0 .elementor-widget-container{line-height:1;font-size:0}.elementor-widget-social-icons:not(.elementor-grid-0):not(.elementor-grid-tablet-0):not(.elementor-grid-mobile-0) .elementor-grid{display:inline-grid}.elementor-widget-social-icons .elementor-grid{grid-column-gap:var(--grid-column-gap,5px);grid-row-gap:var(--grid-row-gap,5px);grid-template-columns:var(--grid-template-columns);justify-content:var(--justify-content,center);justify-items:var(--justify-content,center)}.elementor-icon.elementor-social-icon{font-size:var(--icon-size,25px);line-height:var(--icon-size,25px);width:calc(var(--icon-size, 25px) + 2 * var(--icon-padding, .5em));height:calc(var(--icon-size, 25px) + 2 * var(--icon-padding, .5em))}.elementor-social-icon{--e-social-icon-icon-color:#fff;display:inline-flex;background-color:#69727d;align-items:center;justify-content:center;text-align:center;cursor:pointer}.elementor-social-icon i{color:var(--e-social-icon-icon-color)}.elementor-social-icon svg{fill:var(--e-social-icon-icon-color)}.elementor-social-icon:last-child{margin:0}.elementor-social-icon:hover{opacity:.9;color:#fff}.elementor-social-icon-android{background-color:#a4c639}.elementor-social-icon-apple{background-color:#999}.elementor-social-icon-behance{background-color:#1769ff}.elementor-social-icon-bitbucket{background-color:#205081}.elementor-social-icon-codepen{background-color:#000}.elementor-social-icon-delicious{background-color:#39f}.elementor-social-icon-deviantart{background-color:#05cc47}.elementor-social-icon-digg{background-color:#005be2}.elementor-social-icon-dribbble{background-color:#ea4c89}.elementor-social-icon-elementor{background-color:#d30c5c}.elementor-social-icon-envelope{background-color:#ea4335}.elementor-social-icon-facebook,.elementor-social-icon-facebook-f{background-color:#3b5998}.elementor-social-icon-flickr{background-color:#0063dc}.elementor-social-icon-foursquare{background-color:#2d5be3}.elementor-social-icon-free-code-camp,.elementor-social-icon-freecodecamp{background-color:#006400}.elementor-social-icon-github{background-color:#333}.elementor-social-icon-gitlab{background-color:#e24329}.elementor-social-icon-globe{background-color:#69727d}.elementor-social-icon-google-plus,.elementor-social-icon-google-plus-g{background-color:#dd4b39}.elementor-social-icon-houzz{background-color:#7ac142}.elementor-social-icon-instagram{background-color:#262626}.elementor-social-icon-jsfiddle{background-color:#487aa2}.elementor-social-icon-link{background-color:#818a91}.elementor-social-icon-linkedin,.elementor-social-icon-linkedin-in{background-color:#0077b5}.elementor-social-icon-medium{background-color:#00ab6b}.elementor-social-icon-meetup{background-color:#ec1c40}.elementor-social-icon-mixcloud{background-color:#273a4b}.elementor-social-icon-odnoklassniki{background-color:#f4731c}.elementor-social-icon-pinterest{background-color:#bd081c}.elementor-social-icon-product-hunt{background-color:#da552f}.elementor-social-icon-reddit{background-color:#ff4500}.elementor-social-icon-rss{background-color:#f26522}.elementor-social-icon-shopping-cart{background-color:#4caf50}.elementor-social-icon-skype{background-color:#00aff0}.elementor-social-icon-slideshare{background-color:#0077b5}.elementor-social-icon-snapchat{background-color:#fffc00}.elementor-social-icon-soundcloud{background-color:#f80}.elementor-social-icon-spotify{background-color:#2ebd59}.elementor-social-icon-stack-overflow{background-color:#fe7a15}.elementor-social-icon-steam{background-color:#00adee}.elementor-social-icon-stumbleupon{background-color:#eb4924}.elementor-social-icon-telegram{background-color:#2ca5e0}.elementor-social-icon-threads{background-color:#000}.elementor-social-icon-thumb-tack{background-color:#1aa1d8}.elementor-social-icon-tripadvisor{background-color:#589442}.elementor-social-icon-tumblr{background-color:#35465c}.elementor-social-icon-twitch{background-color:#6441a5}.elementor-social-icon-twitter{background-color:#1da1f2}.elementor-social-icon-viber{background-color:#665cac}.elementor-social-icon-vimeo{background-color:#1ab7ea}.elementor-social-icon-vk{background-color:#45668e}.elementor-social-icon-weibo{background-color:#dd2430}.elementor-social-icon-weixin{background-color:#31a918}.elementor-social-icon-whatsapp{background-color:#25d366}.elementor-social-icon-wordpress{background-color:#21759b}.elementor-social-icon-x-twitter{background-color:#000}.elementor-social-icon-xing{background-color:#026466}.elementor-social-icon-yelp{background-color:#af0606}.elementor-social-icon-youtube{background-color:#cd201f}.elementor-social-icon-500px{background-color:#0099e5}.elementor-shape-rounded .elementor-icon.elementor-social-icon{border-radius:10%}.elementor-shape-circle .elementor-icon.elementor-social-icon{border-radius:50%}<\/style>\t\t<div class=\"elementor-social-icons-wrapper elementor-grid\">\n\t\t\t\t\t\t\t<span class=\"elementor-grid-item\">\n\t\t\t\t\t<a class=\"elementor-icon elementor-social-icon elementor-social-icon-facebook elementor-repeater-item-ff0c30d\" href=\"https:\/\/www.facebook.com\/vinagremontesverdes\" target=\"_blank\">\n\t\t\t\t\t\t<span class=\"elementor-screen-only\">Facebook<\/span>\n\t\t\t\t\t\t<i class=\"fab fa-facebook\"><\/i>\t\t\t\t\t<\/a>\n\t\t\t\t<\/span>\n\t\t\t\t\t\t\t<span class=\"elementor-grid-item\">\n\t\t\t\t\t<a class=\"elementor-icon elementor-social-icon elementor-social-icon-instagram elementor-repeater-item-93e6ccd\" href=\"https:\/\/www.instagram.com\/vinagremontesverdes\" target=\"_blank\">\n\t\t\t\t\t\t<span class=\"elementor-screen-only\">Instagram<\/span>\n\t\t\t\t\t\t<i class=\"fab fa-instagram\"><\/i>\t\t\t\t\t<\/a>\n\t\t\t\t<\/span>\n\t\t\t\t\t\t\t<span class=\"elementor-grid-item\">\n\t\t\t\t\t<a class=\"elementor-icon elementor-social-icon elementor-social-icon-youtube elementor-repeater-item-5db817d\" href=\"https:\/\/www.youtube.com\/c\/VinagreMontesVerdes\" target=\"_blank\">\n\t\t\t\t\t\t<span class=\"elementor-screen-only\">Youtube<\/span>\n\t\t\t\t\t\t<i class=\"fab fa-youtube\"><\/i>\t\t\t\t\t<\/a>\n\t\t\t\t<\/span>\n\t\t\t\t\t\t\t<span class=\"elementor-grid-item\">\n\t\t\t\t\t<a class=\"elementor-icon elementor-social-icon elementor-social-icon-tiktok elementor-repeater-item-9c157b8\" href=\"https:\/\/www.tiktok.com\/@vinagremontesverdes\" target=\"_blank\">\n\t\t\t\t\t\t<span class=\"elementor-screen-only\">Tiktok<\/span>\n\t\t\t\t\t\t<i class=\"fab fa-tiktok\"><\/i>\t\t\t\t\t<\/a>\n\t\t\t\t<\/span>\n\t\t\t\t\t\t\t<span class=\"elementor-grid-item\">\n\t\t\t\t\t<a class=\"elementor-icon elementor-social-icon elementor-social-icon-linkedin elementor-repeater-item-e74921b\" href=\"https:\/\/www.linkedin.com\/in\/vinagremontesverdes\" target=\"_blank\">\n\t\t\t\t\t\t<span class=\"elementor-screen-only\">Linkedin<\/span>\n\t\t\t\t\t\t<i class=\"fab fa-linkedin\"><\/i>\t\t\t\t\t<\/a>\n\t\t\t\t<\/span>\n\t\t\t\t\t<\/div>\n\t\t\t\t<\/div>\n\t\t\t\t<\/div>\n\t\t\t\t\t<\/div>\n\t\t\t\t<\/div>\n\t\t\t\t<\/div>\n\t\t","protected":false},"excerpt":{"rendered":"<p>Veja mais nas nossas redes sociais: Facebook Instagram Youtube Tiktok Linkedin<\/p>\n","protected":false},"author":2,"featured_media":2370,"parent":0,"menu_order":0,"comment_status":"closed","ping_status":"closed","template":"","meta":{"footnotes":""},"class_list":["post-1616","page","type-page","status-publish","has-post-thumbnail","hentry"],"yoast_head":"<!-- This site is optimized with the Yoast SEO plugin v23.0 - https:\/\/yoast.com\/wordpress\/plugins\/seo\/ -->\n<title>Not\u00edcias - Vinagre Montes Verdes<\/title>\n<meta name=\"robots\" content=\"index, follow, max-snippet:-1, max-image-preview:large, max-video-preview:-1\" \/>\n<link rel=\"canonical\" href=\"https:\/\/vinagremontesverdes.com.br\/site\/noticias\/\" \/>\n<meta property=\"og:locale\" content=\"pt_BR\" \/>\n<meta property=\"og:type\" content=\"article\" \/>\n<meta property=\"og:title\" content=\"Not\u00edcias - Vinagre Montes Verdes\" \/>\n<meta property=\"og:description\" content=\"Veja mais nas nossas redes sociais: Facebook Instagram Youtube Tiktok Linkedin\" \/>\n<meta property=\"og:url\" content=\"https:\/\/vinagremontesverdes.com.br\/site\/noticias\/\" \/>\n<meta property=\"og:site_name\" content=\"Vinagre Montes Verdes\" \/>\n<meta property=\"article:publisher\" content=\"https:\/\/www.facebook.com\/vinagremontesverdes\" \/>\n<meta property=\"article:modified_time\" content=\"2023-11-20T13:46:54+00:00\" \/>\n<meta property=\"og:image\" content=\"https:\/\/vinagremontesverdes.com.br\/site\/wp-content\/uploads\/2022\/11\/banner-beber-01.jpg\" \/>\n\t<meta property=\"og:image:width\" content=\"1950\" \/>\n\t<meta property=\"og:image:height\" content=\"650\" \/>\n\t<meta property=\"og:image:type\" content=\"image\/jpeg\" \/>\n<meta name=\"twitter:card\" content=\"summary_large_image\" \/>\n<meta name=\"twitter:label1\" content=\"Est. tempo de leitura\" \/>\n\t<meta name=\"twitter:data1\" content=\"1 minuto\" \/>\n<script type=\"application\/ld+json\" class=\"yoast-schema-graph\">{\"@context\":\"https:\/\/schema.org\",\"@graph\":[{\"@type\":\"WebPage\",\"@id\":\"https:\/\/vinagremontesverdes.com.br\/site\/noticias\/\",\"url\":\"https:\/\/vinagremontesverdes.com.br\/site\/noticias\/\",\"name\":\"Not\u00edcias - Vinagre Montes Verdes\",\"isPartOf\":{\"@id\":\"https:\/\/vinagremontesverdes.com.br\/site\/#website\"},\"primaryImageOfPage\":{\"@id\":\"https:\/\/vinagremontesverdes.com.br\/site\/noticias\/#primaryimage\"},\"image\":{\"@id\":\"https:\/\/vinagremontesverdes.com.br\/site\/noticias\/#primaryimage\"},\"thumbnailUrl\":\"https:\/\/vinagremontesverdes.com.br\/site\/wp-content\/uploads\/2022\/11\/banner-beber-01.jpg\",\"datePublished\":\"2022-11-23T16:24:30+00:00\",\"dateModified\":\"2023-11-20T13:46:54+00:00\",\"breadcrumb\":{\"@id\":\"https:\/\/vinagremontesverdes.com.br\/site\/noticias\/#breadcrumb\"},\"inLanguage\":\"pt-BR\",\"potentialAction\":[{\"@type\":\"ReadAction\",\"target\":[\"https:\/\/vinagremontesverdes.com.br\/site\/noticias\/\"]}]},{\"@type\":\"ImageObject\",\"inLanguage\":\"pt-BR\",\"@id\":\"https:\/\/vinagremontesverdes.com.br\/site\/noticias\/#primaryimage\",\"url\":\"https:\/\/vinagremontesverdes.com.br\/site\/wp-content\/uploads\/2022\/11\/banner-beber-01.jpg\",\"contentUrl\":\"https:\/\/vinagremontesverdes.com.br\/site\/wp-content\/uploads\/2022\/11\/banner-beber-01.jpg\",\"width\":1950,\"height\":650},{\"@type\":\"BreadcrumbList\",\"@id\":\"https:\/\/vinagremontesverdes.com.br\/site\/noticias\/#breadcrumb\",\"itemListElement\":[{\"@type\":\"ListItem\",\"position\":1,\"name\":\"In\u00edcio\",\"item\":\"https:\/\/vinagremontesverdes.com.br\/site\/\"},{\"@type\":\"ListItem\",\"position\":2,\"name\":\"Not\u00edcias\"}]},{\"@type\":\"WebSite\",\"@id\":\"https:\/\/vinagremontesverdes.com.br\/site\/#website\",\"url\":\"https:\/\/vinagremontesverdes.com.br\/site\/\",\"name\":\"Vinagre Montes Verdes\",\"description\":\"Vinagre vivo de ma\u00e7\u00e3 natural e org\u00e2nico\",\"publisher\":{\"@id\":\"https:\/\/vinagremontesverdes.com.br\/site\/#organization\"},\"potentialAction\":[{\"@type\":\"SearchAction\",\"target\":{\"@type\":\"EntryPoint\",\"urlTemplate\":\"https:\/\/vinagremontesverdes.com.br\/site\/?s={search_term_string}\"},\"query-input\":\"required name=search_term_string\"}],\"inLanguage\":\"pt-BR\"},{\"@type\":\"Organization\",\"@id\":\"https:\/\/vinagremontesverdes.com.br\/site\/#organization\",\"name\":\"Vinagre Montes Verdes\",\"url\":\"https:\/\/vinagremontesverdes.com.br\/site\/\",\"logo\":{\"@type\":\"ImageObject\",\"inLanguage\":\"pt-BR\",\"@id\":\"https:\/\/vinagremontesverdes.com.br\/site\/#\/schema\/logo\/image\/\",\"url\":\"https:\/\/vinagremontesverdes.com.br\/site\/wp-content\/uploads\/2023\/01\/cropped-icone-instagram.jpg\",\"contentUrl\":\"https:\/\/vinagremontesverdes.com.br\/site\/wp-content\/uploads\/2023\/01\/cropped-icone-instagram.jpg\",\"width\":512,\"height\":512,\"caption\":\"Vinagre Montes Verdes\"},\"image\":{\"@id\":\"https:\/\/vinagremontesverdes.com.br\/site\/#\/schema\/logo\/image\/\"},\"sameAs\":[\"https:\/\/www.facebook.com\/vinagremontesverdes\",\"https:\/\/www.instagram.com\/vinagremontesverdes\",\"https:\/\/www.youtube.com\/c\/VinagreMontesVerdes\",\"https:\/\/www.tiktok.com\/@vinagremontesverdes\",\"https:\/\/www.linkedin.com\/in\/vinagremontesverdes\"]}]}<\/script>\n<!-- \/ Yoast SEO plugin. -->","yoast_head_json":{"title":"Not\u00edcias - Vinagre Montes Verdes","robots":{"index":"index","follow":"follow","max-snippet":"max-snippet:-1","max-image-preview":"max-image-preview:large","max-video-preview":"max-video-preview:-1"},"canonical":"https:\/\/vinagremontesverdes.com.br\/site\/noticias\/","og_locale":"pt_BR","og_type":"article","og_title":"Not\u00edcias - Vinagre Montes Verdes","og_description":"Veja mais nas nossas redes sociais: Facebook Instagram Youtube Tiktok Linkedin","og_url":"https:\/\/vinagremontesverdes.com.br\/site\/noticias\/","og_site_name":"Vinagre Montes Verdes","article_publisher":"https:\/\/www.facebook.com\/vinagremontesverdes","article_modified_time":"2023-11-20T13:46:54+00:00","og_image":[{"width":1950,"height":650,"url":"https:\/\/vinagremontesverdes.com.br\/site\/wp-content\/uploads\/2022\/11\/banner-beber-01.jpg","type":"image\/jpeg"}],"twitter_card":"summary_large_image","twitter_misc":{"Est. tempo de leitura":"1 minuto"},"schema":{"@context":"https:\/\/schema.org","@graph":[{"@type":"WebPage","@id":"https:\/\/vinagremontesverdes.com.br\/site\/noticias\/","url":"https:\/\/vinagremontesverdes.com.br\/site\/noticias\/","name":"Not\u00edcias - Vinagre Montes Verdes","isPartOf":{"@id":"https:\/\/vinagremontesverdes.com.br\/site\/#website"},"primaryImageOfPage":{"@id":"https:\/\/vinagremontesverdes.com.br\/site\/noticias\/#primaryimage"},"image":{"@id":"https:\/\/vinagremontesverdes.com.br\/site\/noticias\/#primaryimage"},"thumbnailUrl":"https:\/\/vinagremontesverdes.com.br\/site\/wp-content\/uploads\/2022\/11\/banner-beber-01.jpg","datePublished":"2022-11-23T16:24:30+00:00","dateModified":"2023-11-20T13:46:54+00:00","breadcrumb":{"@id":"https:\/\/vinagremontesverdes.com.br\/site\/noticias\/#breadcrumb"},"inLanguage":"pt-BR","potentialAction":[{"@type":"ReadAction","target":["https:\/\/vinagremontesverdes.com.br\/site\/noticias\/"]}]},{"@type":"ImageObject","inLanguage":"pt-BR","@id":"https:\/\/vinagremontesverdes.com.br\/site\/noticias\/#primaryimage","url":"https:\/\/vinagremontesverdes.com.br\/site\/wp-content\/uploads\/2022\/11\/banner-beber-01.jpg","contentUrl":"https:\/\/vinagremontesverdes.com.br\/site\/wp-content\/uploads\/2022\/11\/banner-beber-01.jpg","width":1950,"height":650},{"@type":"BreadcrumbList","@id":"https:\/\/vinagremontesverdes.com.br\/site\/noticias\/#breadcrumb","itemListElement":[{"@type":"ListItem","position":1,"name":"In\u00edcio","item":"https:\/\/vinagremontesverdes.com.br\/site\/"},{"@type":"ListItem","position":2,"name":"Not\u00edcias"}]},{"@type":"WebSite","@id":"https:\/\/vinagremontesverdes.com.br\/site\/#website","url":"https:\/\/vinagremontesverdes.com.br\/site\/","name":"Vinagre Montes Verdes","description":"Vinagre vivo de ma\u00e7\u00e3 natural e org\u00e2nico","publisher":{"@id":"https:\/\/vinagremontesverdes.com.br\/site\/#organization"},"potentialAction":[{"@type":"SearchAction","target":{"@type":"EntryPoint","urlTemplate":"https:\/\/vinagremontesverdes.com.br\/site\/?s={search_term_string}"},"query-input":"required name=search_term_string"}],"inLanguage":"pt-BR"},{"@type":"Organization","@id":"https:\/\/vinagremontesverdes.com.br\/site\/#organization","name":"Vinagre Montes Verdes","url":"https:\/\/vinagremontesverdes.com.br\/site\/","logo":{"@type":"ImageObject","inLanguage":"pt-BR","@id":"https:\/\/vinagremontesverdes.com.br\/site\/#\/schema\/logo\/image\/","url":"https:\/\/vinagremontesverdes.com.br\/site\/wp-content\/uploads\/2023\/01\/cropped-icone-instagram.jpg","contentUrl":"https:\/\/vinagremontesverdes.com.br\/site\/wp-content\/uploads\/2023\/01\/cropped-icone-instagram.jpg","width":512,"height":512,"caption":"Vinagre Montes Verdes"},"image":{"@id":"https:\/\/vinagremontesverdes.com.br\/site\/#\/schema\/logo\/image\/"},"sameAs":["https:\/\/www.facebook.com\/vinagremontesverdes","https:\/\/www.instagram.com\/vinagremontesverdes","https:\/\/www.youtube.com\/c\/VinagreMontesVerdes","https:\/\/www.tiktok.com\/@vinagremontesverdes","https:\/\/www.linkedin.com\/in\/vinagremontesverdes"]}]}},"_links":{"self":[{"href":"https:\/\/vinagremontesverdes.com.br\/site\/wp-json\/wp\/v2\/pages\/1616","targetHints":{"allow":["GET"]}}],"collection":[{"href":"https:\/\/vinagremontesverdes.com.br\/site\/wp-json\/wp\/v2\/pages"}],"about":[{"href":"https:\/\/vinagremontesverdes.com.br\/site\/wp-json\/wp\/v2\/types\/page"}],"author":[{"embeddable":true,"href":"https:\/\/vinagremontesverdes.com.br\/site\/wp-json\/wp\/v2\/users\/2"}],"replies":[{"embeddable":true,"href":"https:\/\/vinagremontesverdes.com.br\/site\/wp-json\/wp\/v2\/comments?post=1616"}],"version-history":[{"count":25,"href":"https:\/\/vinagremontesverdes.com.br\/site\/wp-json\/wp\/v2\/pages\/1616\/revisions"}],"predecessor-version":[{"id":3161,"href":"https:\/\/vinagremontesverdes.com.br\/site\/wp-json\/wp\/v2\/pages\/1616\/revisions\/3161"}],"wp:featuredmedia":[{"embeddable":true,"href":"https:\/\/vinagremontesverdes.com.br\/site\/wp-json\/wp\/v2\/media\/2370"}],"wp:attachment":[{"href":"https:\/\/vinagremontesverdes.com.br\/site\/wp-json\/wp\/v2\/media?parent=1616"}],"curies":[{"name":"wp","href":"https:\/\/api.w.org\/{rel}","templated":true}]}}