{"id":1693,"date":"2022-11-23T19:21:31","date_gmt":"2022-11-23T19:21:31","guid":{"rendered":"https:\/\/vinagremontesverdes.com.br\/site\/?page_id=1693"},"modified":"2026-02-27T16:02:06","modified_gmt":"2026-02-27T16:02:06","slug":"beneficios","status":"publish","type":"page","link":"https:\/\/vinagremontesverdes.com.br\/site\/beneficios\/","title":{"rendered":"Benef\u00edcios ao consumir vinagre de ma\u00e7\u00e3"},"content":{"rendered":"\t\t<div data-elementor-type=\"wp-page\" data-elementor-id=\"1693\" class=\"elementor elementor-1693\" data-elementor-post-type=\"page\">\n\t\t\t\t<div class=\"elementor-element elementor-element-fb25cd3 e-flex e-con-boxed e-con e-parent\" data-id=\"fb25cd3\" data-element_type=\"container\">\n\t\t\t\t\t<div class=\"e-con-inner\">\n\t\t\t\t<div class=\"elementor-element elementor-element-32635f5 elementor-widget elementor-widget-text-editor\" data-id=\"32635f5\" data-element_type=\"widget\" data-widget_type=\"text-editor.default\">\n\t\t\t\t<div class=\"elementor-widget-container\">\n\t\t\t<style>\/*! elementor - v3.23.0 - 15-07-2024 *\/\n.elementor-widget-text-editor.elementor-drop-cap-view-stacked .elementor-drop-cap{background-color:#69727d;color:#fff}.elementor-widget-text-editor.elementor-drop-cap-view-framed .elementor-drop-cap{color:#69727d;border:3px solid;background-color:transparent}.elementor-widget-text-editor:not(.elementor-drop-cap-view-default) .elementor-drop-cap{margin-top:8px}.elementor-widget-text-editor:not(.elementor-drop-cap-view-default) .elementor-drop-cap-letter{width:1em;height:1em}.elementor-widget-text-editor .elementor-drop-cap{float:left;text-align:center;line-height:1;font-size:50px}.elementor-widget-text-editor .elementor-drop-cap-letter{display:inline-block}<\/style>\t\t\t\t<p><em>Voc\u00ea sabia que o vinagre de ma\u00e7\u00e3 Montes Verdes possui probi\u00f3ticos e \u00e9 produzido tamb\u00e9m PARA BEBER?<\/em><\/p><p><em>Al\u00e9m de bem-estar e qualidade de vida, o vinagre de ma\u00e7\u00e3 proporciona grandes benef\u00edcios para a nossa sa\u00fade.<\/em><\/p><p><strong>PRINCIPAIS BENEF\u00cdCIOS DO VINAGRE DE MA\u00c7\u00c3\u00a0<span style=\"text-align: var(--text-align);\">(segundo m\u00e9dicos e nutricionistas)<\/span><\/strong><\/p><p>\u2022 Ajuda a emagrecer, pois diminui a taxa de glicose no sangue, e a pectina da ma\u00e7\u00e3 diminui a absor\u00e7\u00e3o de gorduras;<\/p><p>\u2022 Aumenta a imunidade, pois estimula a fabrica\u00e7\u00e3o e o funcionamento dos gl\u00f3bulos brancos;<\/p><p>\u2022 Possui a\u00e7\u00e3o digestiva, contribuindo para a diminui\u00e7\u00e3o da gordura corporal, auxiliando na redu\u00e7\u00e3o de peso e celulites;<\/p><p>\u2022 Diminui\u00e7\u00e3o da sensa\u00e7\u00e3o de fome;<\/p><p>\u2022 Fonte de vitaminas, enzimas, \u00e1cidos org\u00e2nicos, antioxidantes, ferro e fibras, que contribuem para o funcionamento do intestino;<\/p><p>\u2022 Altamente diur\u00e9tico;<\/p><p>\u2022 Combate os radicais livres;<\/p><p>\u2022 Promo\u00e7\u00e3o do rejuvenescimento da pele e dos cabelos;<\/p><p>\u2022 Auxilia o controle da press\u00e3o arterial, colesterol, catarata, \u00e1cido \u00farico, e pr\u00e9-diabetes;<\/p><p>\u2022 Age como um antibi\u00f3tico natural e limpa a garganta;<\/p><p>\u2022 Auxilia na preven\u00e7\u00e3o do Alzheimer;<\/p><p><strong>Modo de consumir:<\/strong><\/p><p>Diluir em 200ml de \u00e1gua, 1 colher de sopa de Vinagre Vivo de Ma\u00e7\u00e3 Montes Verdes, pode tamb\u00e9m colocar mel a gosto, se n\u00e3o for diab\u00e9tico. Tomar 3 vezes ao dia, 30 minutos antes das principais refei\u00e7\u00f5es, inclua na sua rotina di\u00e1ria!<\/p><p>Pode ser usado normalmente como tempero nos alimentos.<\/p><p>Resultados efetivos poder\u00e3o ser observados ap\u00f3s 3 meses de consumo. Podendo sentir v\u00e1rios benef\u00edcios j\u00e1 na primeira semana!<\/p>\t\t\t\t\t\t<\/div>\n\t\t\t\t<\/div>\n\t\t\t\t\t<\/div>\n\t\t\t\t<\/div>\n\t\t\t\t<\/div>\n\t\t","protected":false},"excerpt":{"rendered":"<p>Voc\u00ea sabia que o vinagre de ma\u00e7\u00e3 Montes Verdes possui probi\u00f3ticos e \u00e9 produzido tamb\u00e9m PARA BEBER? Al\u00e9m de bem-estar e qualidade de vida, o vinagre de ma\u00e7\u00e3 proporciona grandes benef\u00edcios para a nossa sa\u00fade. PRINCIPAIS BENEF\u00cdCIOS DO VINAGRE DE MA\u00c7\u00c3\u00a0(segundo m\u00e9dicos e nutricionistas) \u2022 Ajuda a emagrecer, pois diminui a taxa de glicose no [&hellip;]<\/p>\n","protected":false},"author":2,"featured_media":2371,"parent":0,"menu_order":0,"comment_status":"closed","ping_status":"closed","template":"","meta":{"footnotes":""},"class_list":["post-1693","page","type-page","status-publish","has-post-thumbnail","hentry"],"yoast_head":"<!-- This site is optimized with the Yoast SEO plugin v23.0 - https:\/\/yoast.com\/wordpress\/plugins\/seo\/ -->\n<title>Benef\u00edcios ao consumir vinagre de ma\u00e7\u00e3 - Vinagre Montes Verdes<\/title>\n<meta name=\"robots\" content=\"index, follow, max-snippet:-1, max-image-preview:large, max-video-preview:-1\" \/>\n<link rel=\"canonical\" href=\"https:\/\/vinagremontesverdes.com.br\/site\/beneficios\/\" \/>\n<meta property=\"og:locale\" content=\"pt_BR\" \/>\n<meta property=\"og:type\" content=\"article\" \/>\n<meta property=\"og:title\" content=\"Benef\u00edcios ao consumir vinagre de ma\u00e7\u00e3 - Vinagre Montes Verdes\" \/>\n<meta property=\"og:description\" content=\"Voc\u00ea sabia que o vinagre de ma\u00e7\u00e3 Montes Verdes possui probi\u00f3ticos e \u00e9 produzido tamb\u00e9m PARA BEBER? Al\u00e9m de bem-estar e qualidade de vida, o vinagre de ma\u00e7\u00e3 proporciona grandes benef\u00edcios para a nossa sa\u00fade. PRINCIPAIS BENEF\u00cdCIOS DO VINAGRE DE MA\u00c7\u00c3\u00a0(segundo m\u00e9dicos e nutricionistas) \u2022 Ajuda a emagrecer, pois diminui a taxa de glicose no [&hellip;]\" \/>\n<meta property=\"og:url\" content=\"https:\/\/vinagremontesverdes.com.br\/site\/beneficios\/\" \/>\n<meta property=\"og:site_name\" content=\"Vinagre Montes Verdes\" \/>\n<meta property=\"article:publisher\" content=\"https:\/\/www.facebook.com\/vinagremontesverdes\" \/>\n<meta property=\"article:modified_time\" content=\"2026-02-27T16:02:06+00:00\" \/>\n<meta property=\"og:image\" content=\"https:\/\/vinagremontesverdes.com.br\/site\/wp-content\/uploads\/2022\/11\/banner-beneficios-02.jpg\" \/>\n\t<meta property=\"og:image:width\" content=\"1950\" \/>\n\t<meta property=\"og:image:height\" content=\"650\" \/>\n\t<meta property=\"og:image:type\" content=\"image\/jpeg\" \/>\n<meta name=\"twitter:card\" content=\"summary_large_image\" \/>\n<meta name=\"twitter:label1\" content=\"Est. tempo de leitura\" \/>\n\t<meta name=\"twitter:data1\" content=\"2 minutos\" \/>\n<script type=\"application\/ld+json\" class=\"yoast-schema-graph\">{\"@context\":\"https:\/\/schema.org\",\"@graph\":[{\"@type\":\"WebPage\",\"@id\":\"https:\/\/vinagremontesverdes.com.br\/site\/beneficios\/\",\"url\":\"https:\/\/vinagremontesverdes.com.br\/site\/beneficios\/\",\"name\":\"Benef\u00edcios ao consumir vinagre de ma\u00e7\u00e3 - Vinagre Montes Verdes\",\"isPartOf\":{\"@id\":\"https:\/\/vinagremontesverdes.com.br\/site\/#website\"},\"primaryImageOfPage\":{\"@id\":\"https:\/\/vinagremontesverdes.com.br\/site\/beneficios\/#primaryimage\"},\"image\":{\"@id\":\"https:\/\/vinagremontesverdes.com.br\/site\/beneficios\/#primaryimage\"},\"thumbnailUrl\":\"https:\/\/vinagremontesverdes.com.br\/site\/wp-content\/uploads\/2022\/11\/banner-beneficios-02.jpg\",\"datePublished\":\"2022-11-23T19:21:31+00:00\",\"dateModified\":\"2026-02-27T16:02:06+00:00\",\"breadcrumb\":{\"@id\":\"https:\/\/vinagremontesverdes.com.br\/site\/beneficios\/#breadcrumb\"},\"inLanguage\":\"pt-BR\",\"potentialAction\":[{\"@type\":\"ReadAction\",\"target\":[\"https:\/\/vinagremontesverdes.com.br\/site\/beneficios\/\"]}]},{\"@type\":\"ImageObject\",\"inLanguage\":\"pt-BR\",\"@id\":\"https:\/\/vinagremontesverdes.com.br\/site\/beneficios\/#primaryimage\",\"url\":\"https:\/\/vinagremontesverdes.com.br\/site\/wp-content\/uploads\/2022\/11\/banner-beneficios-02.jpg\",\"contentUrl\":\"https:\/\/vinagremontesverdes.com.br\/site\/wp-content\/uploads\/2022\/11\/banner-beneficios-02.jpg\",\"width\":1950,\"height\":650},{\"@type\":\"BreadcrumbList\",\"@id\":\"https:\/\/vinagremontesverdes.com.br\/site\/beneficios\/#breadcrumb\",\"itemListElement\":[{\"@type\":\"ListItem\",\"position\":1,\"name\":\"In\u00edcio\",\"item\":\"https:\/\/vinagremontesverdes.com.br\/site\/\"},{\"@type\":\"ListItem\",\"position\":2,\"name\":\"Benef\u00edcios ao consumir vinagre de ma\u00e7\u00e3\"}]},{\"@type\":\"WebSite\",\"@id\":\"https:\/\/vinagremontesverdes.com.br\/site\/#website\",\"url\":\"https:\/\/vinagremontesverdes.com.br\/site\/\",\"name\":\"Vinagre Montes Verdes\",\"description\":\"Vinagre vivo de ma\u00e7\u00e3 natural e org\u00e2nico\",\"publisher\":{\"@id\":\"https:\/\/vinagremontesverdes.com.br\/site\/#organization\"},\"potentialAction\":[{\"@type\":\"SearchAction\",\"target\":{\"@type\":\"EntryPoint\",\"urlTemplate\":\"https:\/\/vinagremontesverdes.com.br\/site\/?s={search_term_string}\"},\"query-input\":\"required name=search_term_string\"}],\"inLanguage\":\"pt-BR\"},{\"@type\":\"Organization\",\"@id\":\"https:\/\/vinagremontesverdes.com.br\/site\/#organization\",\"name\":\"Vinagre Montes Verdes\",\"url\":\"https:\/\/vinagremontesverdes.com.br\/site\/\",\"logo\":{\"@type\":\"ImageObject\",\"inLanguage\":\"pt-BR\",\"@id\":\"https:\/\/vinagremontesverdes.com.br\/site\/#\/schema\/logo\/image\/\",\"url\":\"https:\/\/vinagremontesverdes.com.br\/site\/wp-content\/uploads\/2023\/01\/cropped-icone-instagram.jpg\",\"contentUrl\":\"https:\/\/vinagremontesverdes.com.br\/site\/wp-content\/uploads\/2023\/01\/cropped-icone-instagram.jpg\",\"width\":512,\"height\":512,\"caption\":\"Vinagre Montes Verdes\"},\"image\":{\"@id\":\"https:\/\/vinagremontesverdes.com.br\/site\/#\/schema\/logo\/image\/\"},\"sameAs\":[\"https:\/\/www.facebook.com\/vinagremontesverdes\",\"https:\/\/www.instagram.com\/vinagremontesverdes\",\"https:\/\/www.youtube.com\/c\/VinagreMontesVerdes\",\"https:\/\/www.tiktok.com\/@vinagremontesverdes\",\"https:\/\/www.linkedin.com\/in\/vinagremontesverdes\"]}]}<\/script>\n<!-- \/ Yoast SEO plugin. -->","yoast_head_json":{"title":"Benef\u00edcios ao consumir vinagre de ma\u00e7\u00e3 - Vinagre Montes Verdes","robots":{"index":"index","follow":"follow","max-snippet":"max-snippet:-1","max-image-preview":"max-image-preview:large","max-video-preview":"max-video-preview:-1"},"canonical":"https:\/\/vinagremontesverdes.com.br\/site\/beneficios\/","og_locale":"pt_BR","og_type":"article","og_title":"Benef\u00edcios ao consumir vinagre de ma\u00e7\u00e3 - Vinagre Montes Verdes","og_description":"Voc\u00ea sabia que o vinagre de ma\u00e7\u00e3 Montes Verdes possui probi\u00f3ticos e \u00e9 produzido tamb\u00e9m PARA BEBER? Al\u00e9m de bem-estar e qualidade de vida, o vinagre de ma\u00e7\u00e3 proporciona grandes benef\u00edcios para a nossa sa\u00fade. PRINCIPAIS BENEF\u00cdCIOS DO VINAGRE DE MA\u00c7\u00c3\u00a0(segundo m\u00e9dicos e nutricionistas) \u2022 Ajuda a emagrecer, pois diminui a taxa de glicose no [&hellip;]","og_url":"https:\/\/vinagremontesverdes.com.br\/site\/beneficios\/","og_site_name":"Vinagre Montes Verdes","article_publisher":"https:\/\/www.facebook.com\/vinagremontesverdes","article_modified_time":"2026-02-27T16:02:06+00:00","og_image":[{"width":1950,"height":650,"url":"https:\/\/vinagremontesverdes.com.br\/site\/wp-content\/uploads\/2022\/11\/banner-beneficios-02.jpg","type":"image\/jpeg"}],"twitter_card":"summary_large_image","twitter_misc":{"Est. tempo de leitura":"2 minutos"},"schema":{"@context":"https:\/\/schema.org","@graph":[{"@type":"WebPage","@id":"https:\/\/vinagremontesverdes.com.br\/site\/beneficios\/","url":"https:\/\/vinagremontesverdes.com.br\/site\/beneficios\/","name":"Benef\u00edcios ao consumir vinagre de ma\u00e7\u00e3 - Vinagre Montes Verdes","isPartOf":{"@id":"https:\/\/vinagremontesverdes.com.br\/site\/#website"},"primaryImageOfPage":{"@id":"https:\/\/vinagremontesverdes.com.br\/site\/beneficios\/#primaryimage"},"image":{"@id":"https:\/\/vinagremontesverdes.com.br\/site\/beneficios\/#primaryimage"},"thumbnailUrl":"https:\/\/vinagremontesverdes.com.br\/site\/wp-content\/uploads\/2022\/11\/banner-beneficios-02.jpg","datePublished":"2022-11-23T19:21:31+00:00","dateModified":"2026-02-27T16:02:06+00:00","breadcrumb":{"@id":"https:\/\/vinagremontesverdes.com.br\/site\/beneficios\/#breadcrumb"},"inLanguage":"pt-BR","potentialAction":[{"@type":"ReadAction","target":["https:\/\/vinagremontesverdes.com.br\/site\/beneficios\/"]}]},{"@type":"ImageObject","inLanguage":"pt-BR","@id":"https:\/\/vinagremontesverdes.com.br\/site\/beneficios\/#primaryimage","url":"https:\/\/vinagremontesverdes.com.br\/site\/wp-content\/uploads\/2022\/11\/banner-beneficios-02.jpg","contentUrl":"https:\/\/vinagremontesverdes.com.br\/site\/wp-content\/uploads\/2022\/11\/banner-beneficios-02.jpg","width":1950,"height":650},{"@type":"BreadcrumbList","@id":"https:\/\/vinagremontesverdes.com.br\/site\/beneficios\/#breadcrumb","itemListElement":[{"@type":"ListItem","position":1,"name":"In\u00edcio","item":"https:\/\/vinagremontesverdes.com.br\/site\/"},{"@type":"ListItem","position":2,"name":"Benef\u00edcios ao consumir vinagre de ma\u00e7\u00e3"}]},{"@type":"WebSite","@id":"https:\/\/vinagremontesverdes.com.br\/site\/#website","url":"https:\/\/vinagremontesverdes.com.br\/site\/","name":"Vinagre Montes Verdes","description":"Vinagre vivo de ma\u00e7\u00e3 natural e org\u00e2nico","publisher":{"@id":"https:\/\/vinagremontesverdes.com.br\/site\/#organization"},"potentialAction":[{"@type":"SearchAction","target":{"@type":"EntryPoint","urlTemplate":"https:\/\/vinagremontesverdes.com.br\/site\/?s={search_term_string}"},"query-input":"required name=search_term_string"}],"inLanguage":"pt-BR"},{"@type":"Organization","@id":"https:\/\/vinagremontesverdes.com.br\/site\/#organization","name":"Vinagre Montes Verdes","url":"https:\/\/vinagremontesverdes.com.br\/site\/","logo":{"@type":"ImageObject","inLanguage":"pt-BR","@id":"https:\/\/vinagremontesverdes.com.br\/site\/#\/schema\/logo\/image\/","url":"https:\/\/vinagremontesverdes.com.br\/site\/wp-content\/uploads\/2023\/01\/cropped-icone-instagram.jpg","contentUrl":"https:\/\/vinagremontesverdes.com.br\/site\/wp-content\/uploads\/2023\/01\/cropped-icone-instagram.jpg","width":512,"height":512,"caption":"Vinagre Montes Verdes"},"image":{"@id":"https:\/\/vinagremontesverdes.com.br\/site\/#\/schema\/logo\/image\/"},"sameAs":["https:\/\/www.facebook.com\/vinagremontesverdes","https:\/\/www.instagram.com\/vinagremontesverdes","https:\/\/www.youtube.com\/c\/VinagreMontesVerdes","https:\/\/www.tiktok.com\/@vinagremontesverdes","https:\/\/www.linkedin.com\/in\/vinagremontesverdes"]}]}},"_links":{"self":[{"href":"https:\/\/vinagremontesverdes.com.br\/site\/wp-json\/wp\/v2\/pages\/1693","targetHints":{"allow":["GET"]}}],"collection":[{"href":"https:\/\/vinagremontesverdes.com.br\/site\/wp-json\/wp\/v2\/pages"}],"about":[{"href":"https:\/\/vinagremontesverdes.com.br\/site\/wp-json\/wp\/v2\/types\/page"}],"author":[{"embeddable":true,"href":"https:\/\/vinagremontesverdes.com.br\/site\/wp-json\/wp\/v2\/users\/2"}],"replies":[{"embeddable":true,"href":"https:\/\/vinagremontesverdes.com.br\/site\/wp-json\/wp\/v2\/comments?post=1693"}],"version-history":[{"count":122,"href":"https:\/\/vinagremontesverdes.com.br\/site\/wp-json\/wp\/v2\/pages\/1693\/revisions"}],"predecessor-version":[{"id":3755,"href":"https:\/\/vinagremontesverdes.com.br\/site\/wp-json\/wp\/v2\/pages\/1693\/revisions\/3755"}],"wp:featuredmedia":[{"embeddable":true,"href":"https:\/\/vinagremontesverdes.com.br\/site\/wp-json\/wp\/v2\/media\/2371"}],"wp:attachment":[{"href":"https:\/\/vinagremontesverdes.com.br\/site\/wp-json\/wp\/v2\/media?parent=1693"}],"curies":[{"name":"wp","href":"https:\/\/api.w.org\/{rel}","templated":true}]}}