{"id":782,"date":"2022-09-16T15:24:20","date_gmt":"2022-09-16T15:24:20","guid":{"rendered":"https:\/\/vinagremontesverdes.com.br\/distribuidores\/?page_id=782"},"modified":"2022-11-28T20:37:01","modified_gmt":"2022-11-28T20:37:01","slug":"pedidos","status":"publish","type":"page","link":"https:\/\/vinagremontesverdes.com.br\/site\/pedidos\/","title":{"rendered":"Comprar"},"content":{"rendered":"<div class=\"swpm-post-not-logged-in-msg\">You need to be logged in to view this content. Por favor <a class=\"swpm-login-link\" href=\"https:\/\/vinagremontesverdes.com.br\/site\/minha-conta\/\">Log In<\/a>. N\u00e3o \u00e9 um membro? <a href=\"https:\/\/vinagremontesverdes.com.br\/site\/contact\/\">Junte-se a n\u00f3s<\/a><\/div>","protected":false},"excerpt":{"rendered":"<p>You need to be logged in to view this content. Por favor Log In. N\u00e3o \u00e9 um membro? Junte-se a n\u00f3s<\/p>\n","protected":false},"author":2,"featured_media":1737,"parent":0,"menu_order":0,"comment_status":"closed","ping_status":"closed","template":"","meta":{"footnotes":""},"class_list":["post-782","page","type-page","status-publish","has-post-thumbnail","hentry"],"yoast_head":"<!-- This site is optimized with the Yoast SEO plugin v23.0 - https:\/\/yoast.com\/wordpress\/plugins\/seo\/ -->\n<title>Comprar - Vinagre Montes Verdes<\/title>\n<meta name=\"robots\" content=\"index, follow, max-snippet:-1, max-image-preview:large, max-video-preview:-1\" \/>\n<link rel=\"canonical\" href=\"https:\/\/vinagremontesverdes.com.br\/site\/pedidos\/\" \/>\n<meta property=\"og:locale\" content=\"pt_BR\" \/>\n<meta property=\"og:type\" content=\"article\" \/>\n<meta property=\"og:title\" content=\"Comprar - Vinagre Montes Verdes\" \/>\n<meta property=\"og:description\" content=\"You need to be logged in to view this content. Por favor Log In. N\u00e3o \u00e9 um membro? Junte-se a n\u00f3s\" \/>\n<meta property=\"og:url\" content=\"https:\/\/vinagremontesverdes.com.br\/site\/pedidos\/\" \/>\n<meta property=\"og:site_name\" content=\"Vinagre Montes Verdes\" \/>\n<meta property=\"article:publisher\" content=\"https:\/\/www.facebook.com\/vinagremontesverdes\" \/>\n<meta property=\"article:modified_time\" content=\"2022-11-28T20:37:01+00:00\" \/>\n<meta property=\"og:image\" content=\"https:\/\/vinagremontesverdes.com.br\/site\/wp-content\/uploads\/2022\/11\/banner-estatico.jpg\" \/>\n\t<meta property=\"og:image:width\" content=\"1800\" \/>\n\t<meta property=\"og:image:height\" content=\"400\" \/>\n\t<meta property=\"og:image:type\" content=\"image\/jpeg\" \/>\n<meta name=\"twitter:card\" content=\"summary_large_image\" \/>\n<script type=\"application\/ld+json\" class=\"yoast-schema-graph\">{\"@context\":\"https:\/\/schema.org\",\"@graph\":[{\"@type\":\"WebPage\",\"@id\":\"https:\/\/vinagremontesverdes.com.br\/site\/pedidos\/\",\"url\":\"https:\/\/vinagremontesverdes.com.br\/site\/pedidos\/\",\"name\":\"Comprar - Vinagre Montes Verdes\",\"isPartOf\":{\"@id\":\"https:\/\/vinagremontesverdes.com.br\/site\/#website\"},\"primaryImageOfPage\":{\"@id\":\"https:\/\/vinagremontesverdes.com.br\/site\/pedidos\/#primaryimage\"},\"image\":{\"@id\":\"https:\/\/vinagremontesverdes.com.br\/site\/pedidos\/#primaryimage\"},\"thumbnailUrl\":\"https:\/\/vinagremontesverdes.com.br\/site\/wp-content\/uploads\/2022\/11\/banner-estatico.jpg\",\"datePublished\":\"2022-09-16T15:24:20+00:00\",\"dateModified\":\"2022-11-28T20:37:01+00:00\",\"breadcrumb\":{\"@id\":\"https:\/\/vinagremontesverdes.com.br\/site\/pedidos\/#breadcrumb\"},\"inLanguage\":\"pt-BR\",\"potentialAction\":[{\"@type\":\"ReadAction\",\"target\":[\"https:\/\/vinagremontesverdes.com.br\/site\/pedidos\/\"]}]},{\"@type\":\"ImageObject\",\"inLanguage\":\"pt-BR\",\"@id\":\"https:\/\/vinagremontesverdes.com.br\/site\/pedidos\/#primaryimage\",\"url\":\"https:\/\/vinagremontesverdes.com.br\/site\/wp-content\/uploads\/2022\/11\/banner-estatico.jpg\",\"contentUrl\":\"https:\/\/vinagremontesverdes.com.br\/site\/wp-content\/uploads\/2022\/11\/banner-estatico.jpg\",\"width\":1800,\"height\":400},{\"@type\":\"BreadcrumbList\",\"@id\":\"https:\/\/vinagremontesverdes.com.br\/site\/pedidos\/#breadcrumb\",\"itemListElement\":[{\"@type\":\"ListItem\",\"position\":1,\"name\":\"In\u00edcio\",\"item\":\"https:\/\/vinagremontesverdes.com.br\/site\/\"},{\"@type\":\"ListItem\",\"position\":2,\"name\":\"Comprar\"}]},{\"@type\":\"WebSite\",\"@id\":\"https:\/\/vinagremontesverdes.com.br\/site\/#website\",\"url\":\"https:\/\/vinagremontesverdes.com.br\/site\/\",\"name\":\"Vinagre Montes Verdes\",\"description\":\"Vinagre vivo de ma\u00e7\u00e3 natural e org\u00e2nico\",\"publisher\":{\"@id\":\"https:\/\/vinagremontesverdes.com.br\/site\/#organization\"},\"potentialAction\":[{\"@type\":\"SearchAction\",\"target\":{\"@type\":\"EntryPoint\",\"urlTemplate\":\"https:\/\/vinagremontesverdes.com.br\/site\/?s={search_term_string}\"},\"query-input\":\"required name=search_term_string\"}],\"inLanguage\":\"pt-BR\"},{\"@type\":\"Organization\",\"@id\":\"https:\/\/vinagremontesverdes.com.br\/site\/#organization\",\"name\":\"Vinagre Montes Verdes\",\"url\":\"https:\/\/vinagremontesverdes.com.br\/site\/\",\"logo\":{\"@type\":\"ImageObject\",\"inLanguage\":\"pt-BR\",\"@id\":\"https:\/\/vinagremontesverdes.com.br\/site\/#\/schema\/logo\/image\/\",\"url\":\"https:\/\/vinagremontesverdes.com.br\/site\/wp-content\/uploads\/2023\/01\/cropped-icone-instagram.jpg\",\"contentUrl\":\"https:\/\/vinagremontesverdes.com.br\/site\/wp-content\/uploads\/2023\/01\/cropped-icone-instagram.jpg\",\"width\":512,\"height\":512,\"caption\":\"Vinagre Montes Verdes\"},\"image\":{\"@id\":\"https:\/\/vinagremontesverdes.com.br\/site\/#\/schema\/logo\/image\/\"},\"sameAs\":[\"https:\/\/www.facebook.com\/vinagremontesverdes\",\"https:\/\/www.instagram.com\/vinagremontesverdes\",\"https:\/\/www.youtube.com\/c\/VinagreMontesVerdes\",\"https:\/\/www.tiktok.com\/@vinagremontesverdes\",\"https:\/\/www.linkedin.com\/in\/vinagremontesverdes\"]}]}<\/script>\n<!-- \/ Yoast SEO plugin. -->","yoast_head_json":{"title":"Comprar - Vinagre Montes Verdes","robots":{"index":"index","follow":"follow","max-snippet":"max-snippet:-1","max-image-preview":"max-image-preview:large","max-video-preview":"max-video-preview:-1"},"canonical":"https:\/\/vinagremontesverdes.com.br\/site\/pedidos\/","og_locale":"pt_BR","og_type":"article","og_title":"Comprar - Vinagre Montes Verdes","og_description":"You need to be logged in to view this content. Por favor Log In. N\u00e3o \u00e9 um membro? Junte-se a n\u00f3s","og_url":"https:\/\/vinagremontesverdes.com.br\/site\/pedidos\/","og_site_name":"Vinagre Montes Verdes","article_publisher":"https:\/\/www.facebook.com\/vinagremontesverdes","article_modified_time":"2022-11-28T20:37:01+00:00","og_image":[{"width":1800,"height":400,"url":"https:\/\/vinagremontesverdes.com.br\/site\/wp-content\/uploads\/2022\/11\/banner-estatico.jpg","type":"image\/jpeg"}],"twitter_card":"summary_large_image","schema":{"@context":"https:\/\/schema.org","@graph":[{"@type":"WebPage","@id":"https:\/\/vinagremontesverdes.com.br\/site\/pedidos\/","url":"https:\/\/vinagremontesverdes.com.br\/site\/pedidos\/","name":"Comprar - Vinagre Montes Verdes","isPartOf":{"@id":"https:\/\/vinagremontesverdes.com.br\/site\/#website"},"primaryImageOfPage":{"@id":"https:\/\/vinagremontesverdes.com.br\/site\/pedidos\/#primaryimage"},"image":{"@id":"https:\/\/vinagremontesverdes.com.br\/site\/pedidos\/#primaryimage"},"thumbnailUrl":"https:\/\/vinagremontesverdes.com.br\/site\/wp-content\/uploads\/2022\/11\/banner-estatico.jpg","datePublished":"2022-09-16T15:24:20+00:00","dateModified":"2022-11-28T20:37:01+00:00","breadcrumb":{"@id":"https:\/\/vinagremontesverdes.com.br\/site\/pedidos\/#breadcrumb"},"inLanguage":"pt-BR","potentialAction":[{"@type":"ReadAction","target":["https:\/\/vinagremontesverdes.com.br\/site\/pedidos\/"]}]},{"@type":"ImageObject","inLanguage":"pt-BR","@id":"https:\/\/vinagremontesverdes.com.br\/site\/pedidos\/#primaryimage","url":"https:\/\/vinagremontesverdes.com.br\/site\/wp-content\/uploads\/2022\/11\/banner-estatico.jpg","contentUrl":"https:\/\/vinagremontesverdes.com.br\/site\/wp-content\/uploads\/2022\/11\/banner-estatico.jpg","width":1800,"height":400},{"@type":"BreadcrumbList","@id":"https:\/\/vinagremontesverdes.com.br\/site\/pedidos\/#breadcrumb","itemListElement":[{"@type":"ListItem","position":1,"name":"In\u00edcio","item":"https:\/\/vinagremontesverdes.com.br\/site\/"},{"@type":"ListItem","position":2,"name":"Comprar"}]},{"@type":"WebSite","@id":"https:\/\/vinagremontesverdes.com.br\/site\/#website","url":"https:\/\/vinagremontesverdes.com.br\/site\/","name":"Vinagre Montes Verdes","description":"Vinagre vivo de ma\u00e7\u00e3 natural e org\u00e2nico","publisher":{"@id":"https:\/\/vinagremontesverdes.com.br\/site\/#organization"},"potentialAction":[{"@type":"SearchAction","target":{"@type":"EntryPoint","urlTemplate":"https:\/\/vinagremontesverdes.com.br\/site\/?s={search_term_string}"},"query-input":"required name=search_term_string"}],"inLanguage":"pt-BR"},{"@type":"Organization","@id":"https:\/\/vinagremontesverdes.com.br\/site\/#organization","name":"Vinagre Montes Verdes","url":"https:\/\/vinagremontesverdes.com.br\/site\/","logo":{"@type":"ImageObject","inLanguage":"pt-BR","@id":"https:\/\/vinagremontesverdes.com.br\/site\/#\/schema\/logo\/image\/","url":"https:\/\/vinagremontesverdes.com.br\/site\/wp-content\/uploads\/2023\/01\/cropped-icone-instagram.jpg","contentUrl":"https:\/\/vinagremontesverdes.com.br\/site\/wp-content\/uploads\/2023\/01\/cropped-icone-instagram.jpg","width":512,"height":512,"caption":"Vinagre Montes Verdes"},"image":{"@id":"https:\/\/vinagremontesverdes.com.br\/site\/#\/schema\/logo\/image\/"},"sameAs":["https:\/\/www.facebook.com\/vinagremontesverdes","https:\/\/www.instagram.com\/vinagremontesverdes","https:\/\/www.youtube.com\/c\/VinagreMontesVerdes","https:\/\/www.tiktok.com\/@vinagremontesverdes","https:\/\/www.linkedin.com\/in\/vinagremontesverdes"]}]}},"_links":{"self":[{"href":"https:\/\/vinagremontesverdes.com.br\/site\/wp-json\/wp\/v2\/pages\/782","targetHints":{"allow":["GET"]}}],"collection":[{"href":"https:\/\/vinagremontesverdes.com.br\/site\/wp-json\/wp\/v2\/pages"}],"about":[{"href":"https:\/\/vinagremontesverdes.com.br\/site\/wp-json\/wp\/v2\/types\/page"}],"author":[{"embeddable":true,"href":"https:\/\/vinagremontesverdes.com.br\/site\/wp-json\/wp\/v2\/users\/2"}],"replies":[{"embeddable":true,"href":"https:\/\/vinagremontesverdes.com.br\/site\/wp-json\/wp\/v2\/comments?post=782"}],"version-history":[{"count":6,"href":"https:\/\/vinagremontesverdes.com.br\/site\/wp-json\/wp\/v2\/pages\/782\/revisions"}],"predecessor-version":[{"id":795,"href":"https:\/\/vinagremontesverdes.com.br\/site\/wp-json\/wp\/v2\/pages\/782\/revisions\/795"}],"wp:featuredmedia":[{"embeddable":true,"href":"https:\/\/vinagremontesverdes.com.br\/site\/wp-json\/wp\/v2\/media\/1737"}],"wp:attachment":[{"href":"https:\/\/vinagremontesverdes.com.br\/site\/wp-json\/wp\/v2\/media?parent=782"}],"curies":[{"name":"wp","href":"https:\/\/api.w.org\/{rel}","templated":true}]}}